{"id":9149,"date":"2022-01-28T14:13:47","date_gmt":"2022-01-28T14:13:47","guid":{"rendered":"https:\/\/support.e-trailer.nl\/e-load\/e-load-unterstuetzung\/e-load-werte\/"},"modified":"2023-08-08T11:47:52","modified_gmt":"2023-08-08T11:47:52","slug":"e-load-werte","status":"publish","type":"page","link":"https:\/\/support.e-trailer.nl\/de\/e-load\/e-load-unterstuetzung\/e-load-werte\/","title":{"rendered":"E-Load Werte"},"content":{"rendered":"\t\t<div data-elementor-type=\"wp-page\" data-elementor-id=\"9149\" class=\"elementor elementor-9149 elementor-3698\" data-elementor-post-type=\"page\">\n\t\t\t\t\t\t<section class=\"elementor-section elementor-top-section elementor-element elementor-element-303b6f8f elementor-section-full_width elementor-section-height-default elementor-section-height-default\" data-id=\"303b6f8f\" data-element_type=\"section\" data-settings=\"{&quot;background_background&quot;:&quot;classic&quot;}\">\n\t\t\t\t\t\t<div class=\"elementor-container elementor-column-gap-default\">\n\t\t\t\t\t<div class=\"elementor-column elementor-col-50 elementor-top-column elementor-element elementor-element-4291989b\" data-id=\"4291989b\" data-element_type=\"column\">\n\t\t\t<div class=\"elementor-widget-wrap elementor-element-populated\">\n\t\t\t\t\t\t<div class=\"elementor-element elementor-element-2865c9f4 elementor-widget elementor-widget-image\" data-id=\"2865c9f4\" data-element_type=\"widget\" data-widget_type=\"image.default\">\n\t\t\t\t<div class=\"elementor-widget-container\">\n\t\t\t\t\t\t\t\t\t\t\t\t\t\t\t<img decoding=\"async\" width=\"72\" height=\"72\" src=\"https:\/\/support.e-trailer.nl\/wp-content\/uploads\/2021\/06\/E-Load.png\" class=\"attachment-thumbnail size-thumbnail wp-image-2270\" alt=\"\" \/>\t\t\t\t\t\t\t\t\t\t\t\t\t\t\t<\/div>\n\t\t\t\t<\/div>\n\t\t\t\t\t<\/div>\n\t\t<\/div>\n\t\t\t\t<div class=\"elementor-column elementor-col-50 elementor-top-column elementor-element elementor-element-2f85ae50\" data-id=\"2f85ae50\" data-element_type=\"column\">\n\t\t\t<div class=\"elementor-widget-wrap elementor-element-populated\">\n\t\t\t\t\t\t<div class=\"elementor-element elementor-element-1fd634b6 elementor-widget elementor-widget-heading\" data-id=\"1fd634b6\" data-element_type=\"widget\" data-widget_type=\"heading.default\">\n\t\t\t\t<div class=\"elementor-widget-container\">\n\t\t\t\t\t<h2 class=\"elementor-heading-title elementor-size-default\">E-Load<\/h2>\t\t\t\t<\/div>\n\t\t\t\t<\/div>\n\t\t\t\t<div class=\"elementor-element elementor-element-2913c9bf elementor-widget elementor-widget-text-editor\" data-id=\"2913c9bf\" data-element_type=\"widget\" data-widget_type=\"text-editor.default\">\n\t\t\t\t<div class=\"elementor-widget-container\">\n\t\t\t\t\t\t\t\t\t<p><a href=\"https:\/\/support.e-trailer.nl\/de\/\"><span style=\"text-decoration: underline;\">Anderes Produkt<\/span><\/a><\/p>\n\t\t\t\t\t\t\t\t<\/div>\n\t\t\t\t<\/div>\n\t\t\t\t<div class=\"elementor-element elementor-element-1d3bfb3c elementor-widget elementor-widget-breadcrumbs\" data-id=\"1d3bfb3c\" data-element_type=\"widget\" data-widget_type=\"breadcrumbs.default\">\n\t\t\t\t<div class=\"elementor-widget-container\">\n\t\t\t\t\t<p id=\"breadcrumbs\"><span><span><a href=\"https:\/\/support.e-trailer.nl\/de\/startseite\/\">Home<\/a><\/span><\/span><\/p>\t\t\t\t<\/div>\n\t\t\t\t<\/div>\n\t\t\t\t\t<\/div>\n\t\t<\/div>\n\t\t\t\t\t<\/div>\n\t\t<\/section>\n\t\t\t\t<section class=\"elementor-section elementor-top-section elementor-element elementor-element-11b18c3 elementor-section-full_width elementor-section-height-default elementor-section-height-default\" data-id=\"11b18c3\" data-element_type=\"section\">\n\t\t\t\t\t\t<div class=\"elementor-container elementor-column-gap-default\">\n\t\t\t\t\t<div class=\"elementor-column elementor-col-33 elementor-top-column elementor-element elementor-element-a88ef7a\" data-id=\"a88ef7a\" data-element_type=\"column\">\n\t\t\t<div class=\"elementor-widget-wrap elementor-element-populated\">\n\t\t\t\t\t\t<div class=\"elementor-element elementor-element-71d599c elementor-nav-menu__align-start elementor-nav-menu--dropdown-tablet elementor-nav-menu__text-align-aside elementor-nav-menu--toggle elementor-nav-menu--burger elementor-widget elementor-widget-nav-menu\" data-id=\"71d599c\" data-element_type=\"widget\" data-settings=\"{&quot;layout&quot;:&quot;vertical&quot;,&quot;submenu_icon&quot;:{&quot;value&quot;:&quot;&lt;i class=\\&quot;fas fa-caret-down\\&quot;&gt;&lt;\\\/i&gt;&quot;,&quot;library&quot;:&quot;fa-solid&quot;},&quot;toggle&quot;:&quot;burger&quot;}\" data-widget_type=\"nav-menu.default\">\n\t\t\t\t<div class=\"elementor-widget-container\">\n\t\t\t\t\t\t\t\t<nav aria-label=\"Men\u00fc\" class=\"elementor-nav-menu--main elementor-nav-menu__container elementor-nav-menu--layout-vertical e--pointer-background e--animation-fade\">\n\t\t\t\t<ul id=\"menu-1-71d599c\" class=\"elementor-nav-menu sm-vertical\"><li class=\"menu-item menu-item-type-post_type menu-item-object-page menu-item-9162\"><a href=\"https:\/\/support.e-trailer.nl\/de\/e-load\/e-load-unterstuetzung\/\" class=\"elementor-item menu-link\">Unterst\u00fctzung<\/a><\/li>\n<li class=\"menu-item menu-item-type-post_type menu-item-object-page menu-item-9169\"><a href=\"https:\/\/support.e-trailer.nl\/de\/e-load\/e-load-unterstuetzung\/e-load-installation\/\" class=\"elementor-item menu-link\">Installation<\/a><\/li>\n<li class=\"menu-item menu-item-type-post_type menu-item-object-page menu-item-9168\"><a href=\"https:\/\/support.e-trailer.nl\/de\/e-load\/e-load-unterstuetzung\/e-load-verbinden\/\" class=\"elementor-item menu-link\">Verbinden<\/a><\/li>\n<li class=\"menu-item menu-item-type-post_type menu-item-object-page menu-item-9167\"><a href=\"https:\/\/support.e-trailer.nl\/de\/e-load\/e-load-unterstuetzung\/e-load-einstellungen\/\" class=\"elementor-item menu-link\">Einstellungen<\/a><\/li>\n<li class=\"menu-item menu-item-type-post_type menu-item-object-page menu-item-9166\"><a href=\"https:\/\/support.e-trailer.nl\/de\/e-load\/e-load-unterstuetzung\/e-load-werte\/\" class=\"elementor-item menu-link\">Werte<\/a><\/li>\n<li class=\"menu-item menu-item-type-post_type menu-item-object-page menu-item-9165\"><a href=\"https:\/\/support.e-trailer.nl\/de\/e-load\/e-load-unterstuetzung\/e-load-batteriewechsel\/\" class=\"elementor-item menu-link\">Batteriewechsel<\/a><\/li>\n<li class=\"menu-item menu-item-type-post_type menu-item-object-page menu-item-9164\"><a href=\"https:\/\/support.e-trailer.nl\/de\/e-load\/e-load-unterstuetzung\/e-load-wartung\/\" class=\"elementor-item menu-link\">Wartung<\/a><\/li>\n<li class=\"menu-item menu-item-type-post_type menu-item-object-page menu-item-9163\"><a href=\"https:\/\/support.e-trailer.nl\/de\/e-load\/e-load-unterstuetzung\/e-load-produktinformationen\/\" class=\"elementor-item menu-link\">Produktinformationen<\/a><\/li>\n<\/ul>\t\t\t<\/nav>\n\t\t\t\t\t<div class=\"elementor-menu-toggle\" role=\"button\" tabindex=\"0\" aria-label=\"Men\u00fc Umschalter\" aria-expanded=\"false\">\n\t\t\t<i aria-hidden=\"true\" role=\"presentation\" class=\"elementor-menu-toggle__icon--open eicon-menu-bar\"><\/i><i aria-hidden=\"true\" role=\"presentation\" class=\"elementor-menu-toggle__icon--close eicon-close\"><\/i>\t\t<\/div>\n\t\t\t\t\t<nav class=\"elementor-nav-menu--dropdown elementor-nav-menu__container\" aria-hidden=\"true\">\n\t\t\t\t<ul id=\"menu-2-71d599c\" class=\"elementor-nav-menu sm-vertical\"><li class=\"menu-item menu-item-type-post_type menu-item-object-page menu-item-9162\"><a href=\"https:\/\/support.e-trailer.nl\/de\/e-load\/e-load-unterstuetzung\/\" class=\"elementor-item menu-link\" tabindex=\"-1\">Unterst\u00fctzung<\/a><\/li>\n<li class=\"menu-item menu-item-type-post_type menu-item-object-page menu-item-9169\"><a href=\"https:\/\/support.e-trailer.nl\/de\/e-load\/e-load-unterstuetzung\/e-load-installation\/\" class=\"elementor-item menu-link\" tabindex=\"-1\">Installation<\/a><\/li>\n<li class=\"menu-item menu-item-type-post_type menu-item-object-page menu-item-9168\"><a href=\"https:\/\/support.e-trailer.nl\/de\/e-load\/e-load-unterstuetzung\/e-load-verbinden\/\" class=\"elementor-item menu-link\" tabindex=\"-1\">Verbinden<\/a><\/li>\n<li class=\"menu-item menu-item-type-post_type menu-item-object-page menu-item-9167\"><a href=\"https:\/\/support.e-trailer.nl\/de\/e-load\/e-load-unterstuetzung\/e-load-einstellungen\/\" class=\"elementor-item menu-link\" tabindex=\"-1\">Einstellungen<\/a><\/li>\n<li class=\"menu-item menu-item-type-post_type menu-item-object-page menu-item-9166\"><a href=\"https:\/\/support.e-trailer.nl\/de\/e-load\/e-load-unterstuetzung\/e-load-werte\/\" class=\"elementor-item menu-link\" tabindex=\"-1\">Werte<\/a><\/li>\n<li class=\"menu-item menu-item-type-post_type menu-item-object-page menu-item-9165\"><a href=\"https:\/\/support.e-trailer.nl\/de\/e-load\/e-load-unterstuetzung\/e-load-batteriewechsel\/\" class=\"elementor-item menu-link\" tabindex=\"-1\">Batteriewechsel<\/a><\/li>\n<li class=\"menu-item menu-item-type-post_type menu-item-object-page menu-item-9164\"><a href=\"https:\/\/support.e-trailer.nl\/de\/e-load\/e-load-unterstuetzung\/e-load-wartung\/\" class=\"elementor-item menu-link\" tabindex=\"-1\">Wartung<\/a><\/li>\n<li class=\"menu-item menu-item-type-post_type menu-item-object-page menu-item-9163\"><a href=\"https:\/\/support.e-trailer.nl\/de\/e-load\/e-load-unterstuetzung\/e-load-produktinformationen\/\" class=\"elementor-item menu-link\" tabindex=\"-1\">Produktinformationen<\/a><\/li>\n<\/ul>\t\t\t<\/nav>\n\t\t\t\t\t\t<\/div>\n\t\t\t\t<\/div>\n\t\t\t\t\t<\/div>\n\t\t<\/div>\n\t\t\t\t<div class=\"elementor-column elementor-col-66 elementor-top-column elementor-element elementor-element-69ab57a\" data-id=\"69ab57a\" data-element_type=\"column\">\n\t\t\t<div class=\"elementor-widget-wrap elementor-element-populated\">\n\t\t\t\t\t\t<div class=\"elementor-element elementor-element-f0dff9f elementor-widget elementor-widget-text-editor\" data-id=\"f0dff9f\" data-element_type=\"widget\" data-widget_type=\"text-editor.default\">\n\t\t\t\t<div class=\"elementor-widget-container\">\n\t\t\t\t\t\t\t\t\t<h2>Werte werden nicht aktualisiert oder sind falsch<\/h2>\n<h3>Werte in der App werden nicht aktualisiert<\/h3>\n<p>Der Sensor sendet nicht, wenn die Taste nicht eingeschaltet ist. Dr\u00fccken Sie die Taste, um das E-Load einzuschalten. Eine LED-Leuchte blinkt um die Taste herum. Das E-Load bleibt etwa 5 Minuten lang eingeschaltet und schaltet sich dann automatisch ab. Die LED-Leuchte h\u00f6rt dann ebenfalls auf zu blinken.<\/p>\n<p>Wenn die Werte in der App nicht aktualisiert werden, kann Folgendes der Fall sein:<\/p>\n<ul>\n<li>Ist die E-Load eingeschaltet?<\/li>\n<li>Ist die Batterie des Sensors leer? <a href=\"https:\/\/support.e-trailer.nl\/de\/e-load\/e-load-unterstuetzung\/e-load-batteriewechsel\/\">Tauschen Sie die Batterie aus<\/a>.<\/li>\n<li>Ist das Starterpaket eingeschaltet? Pr\u00fcfen Sie, ob z. B. der E-Volt oder E-Level funktioniert. Erfahren Sie mehr \u00fcber das Starterpaket <a href=\"https:\/\/support.e-trailer.nl\/de\/starterpaket-basic\/starterpaket-basic-unterstuetzung\/starterpaket-basic-verbinden\/\">Basic<\/a> oder <a href=\"https:\/\/support.e-trailer.nl\/de\/starterpaket-plus\/starterpaket-plus-unterstuetzung\/starterpaket-plus-verbinden\/\">Plus<\/a>.<\/li>\n<li>Ist der Abstand zwischen Sensor und Hauptmodul weniger als 10 m?<\/li>\n<li>Ist das Telefon mit Bluetooth verbunden?<\/li>\n<li>Ist sonst niemand mit dem System verbunden? Es kann jeweils nur ein Ger\u00e4t an das System verbunden werden.<\/li>\n<\/ul>\n<h3>Werte in der App sind nicht korrekt<\/h3>\n<ul>\n<li>Ist die E-Load eingeschaltet?<\/li>\n<li>Stellen Sie sicher, dass die Batterie nicht leer ist. Sobald Sie die Taste gedr\u00fcckt haben, wird der Prozentsatz der Batteriespannung in der App angezeigt. <a href=\"https:\/\/support.e-trailer.nl\/de\/e-load\/e-load-unterstuetzung\/e-load-batteriewechsel\/\">Ersetzen Sie die Batterie<\/a>, wenn sie leer ist.<\/li>\n<li>\u00dcberpr\u00fcfen Sie die <a href=\"https:\/\/support.e-trailer.nl\/de\/e-load\/e-load-unterstuetzung\/e-load-einstellungen\/\">Kalibrierungswerte<\/a> in der App (Abstand zwischen Bugrad und Achse des Caravans und Abstand zwischen Bugrad und Kupplung\/Kugel). Passen Sie sie gegebenenfalls an.<\/li>\n<\/ul>\n<p>Der St\u00fctzlast h\u00e4ngt immer von verschiedenen Faktoren ab:<\/p>\n<ul>\n<li>Der Wohnwagen muss f\u00fcr eine optimale Messung eben sein.<\/li>\n<li>Der Wohnwagen muss sich im gleichen Winkel (und in der gleichen H\u00f6he) befinden, wie wenn er an der Anh\u00e4ngerkupplung befestigt ist. Andernfalls ist der Wert nicht vergleichbar.<\/li>\n<li>Wenn mit der mechanische Anzeige oder St\u00fctzlastwaage ein Differenzwert festgestellt wird, pr\u00fcfen Sie, ob die H\u00f6he der Anh\u00e4ngerkupplung die gleiche ist, wie wenn der Wohnwagen an der Deichsel h\u00e4ngt.<\/li>\n<li>Wenn man mit einer Waage unter dem Bugrad vergleicht, kann es einen Unterschied von etwa 20 kg geben. Die E-Load berechnet das tats\u00e4chliche Gewicht auf dem Kugel.<\/li>\n<li><a href=\"https:\/\/www.anwb.nl\/kamperen\/caravan\/rijden-met-de-caravan\/kogeldruk\">.<\/a><\/li>\n<\/ul>\t\t\t\t\t\t\t\t<\/div>\n\t\t\t\t<\/div>\n\t\t\t\t\t<\/div>\n\t\t<\/div>\n\t\t\t\t\t<\/div>\n\t\t<\/section>\n\t\t\t\t<\/div>\n\t\t","protected":false},"excerpt":{"rendered":"<p>E-Load Anderes Produkt Werte werden nicht aktualisiert oder sind falsch Werte in der App werden nicht aktualisiert Der Sensor sendet nicht, wenn die Taste nicht eingeschaltet ist. Dr\u00fccken Sie die Taste, um das E-Load einzuschalten. Eine LED-Leuchte blinkt um die Taste herum. Das E-Load bleibt etwa 5 Minuten lang eingeschaltet und schaltet sich dann automatisch [&hellip;]<\/p>\n","protected":false},"author":1,"featured_media":0,"parent":9130,"menu_order":0,"comment_status":"closed","ping_status":"closed","template":"","meta":{"site-sidebar-layout":"no-sidebar","site-content-layout":"page-builder","ast-site-content-layout":"","site-content-style":"default","site-sidebar-style":"default","ast-global-header-display":"","ast-banner-title-visibility":"","ast-main-header-display":"","ast-hfb-above-header-display":"","ast-hfb-below-header-display":"","ast-hfb-mobile-header-display":"","site-post-title":"disabled","ast-breadcrumbs-content":"","ast-featured-img":"disabled","footer-sml-layout":"","theme-transparent-header-meta":"default","adv-header-id-meta":"","stick-header-meta":"","header-above-stick-meta":"","header-main-stick-meta":"","header-below-stick-meta":"","astra-migrate-meta-layouts":"default","ast-page-background-enabled":"default","ast-page-background-meta":{"desktop":{"background-color":"","background-image":"","background-repeat":"repeat","background-position":"center center","background-size":"auto","background-attachment":"scroll","background-type":"","background-media":"","overlay-type":"","overlay-color":"","overlay-opacity":"","overlay-gradient":""},"tablet":{"background-color":"","background-image":"","background-repeat":"repeat","background-position":"center center","background-size":"auto","background-attachment":"scroll","background-type":"","background-media":"","overlay-type":"","overlay-color":"","overlay-opacity":"","overlay-gradient":""},"mobile":{"background-color":"","background-image":"","background-repeat":"repeat","background-position":"center center","background-size":"auto","background-attachment":"scroll","background-type":"","background-media":"","overlay-type":"","overlay-color":"","overlay-opacity":"","overlay-gradient":""}},"ast-content-background-meta":{"desktop":{"background-color":"var(--ast-global-color-5)","background-image":"","background-repeat":"repeat","background-position":"center center","background-size":"auto","background-attachment":"scroll","background-type":"","background-media":"","overlay-type":"","overlay-color":"","overlay-opacity":"","overlay-gradient":""},"tablet":{"background-color":"var(--ast-global-color-5)","background-image":"","background-repeat":"repeat","background-position":"center center","background-size":"auto","background-attachment":"scroll","background-type":"","background-media":"","overlay-type":"","overlay-color":"","overlay-opacity":"","overlay-gradient":""},"mobile":{"background-color":"var(--ast-global-color-5)","background-image":"","background-repeat":"repeat","background-position":"center center","background-size":"auto","background-attachment":"scroll","background-type":"","background-media":"","overlay-type":"","overlay-color":"","overlay-opacity":"","overlay-gradient":""}},"footnotes":""},"class_list":["post-9149","page","type-page","status-publish","hentry"],"yoast_head":"<!-- This site is optimized with the Yoast SEO plugin v24.6 - https:\/\/yoast.com\/wordpress\/plugins\/seo\/ -->\n<title>E-Load Werte - Support<\/title>\n<meta name=\"robots\" content=\"index, follow, max-snippet:-1, max-image-preview:large, max-video-preview:-1\" \/>\n<link rel=\"canonical\" href=\"https:\/\/support.e-trailer.nl\/de\/e-load\/e-load-unterstuetzung\/e-load-werte\/\" \/>\n<meta property=\"og:locale\" content=\"de_DE\" \/>\n<meta property=\"og:type\" content=\"article\" \/>\n<meta property=\"og:title\" content=\"E-Load Werte - Support\" \/>\n<meta property=\"og:description\" content=\"E-Load Anderes Produkt Werte werden nicht aktualisiert oder sind falsch Werte in der App werden nicht aktualisiert Der Sensor sendet nicht, wenn die Taste nicht eingeschaltet ist. Dr\u00fccken Sie die Taste, um das E-Load einzuschalten. Eine LED-Leuchte blinkt um die Taste herum. Das E-Load bleibt etwa 5 Minuten lang eingeschaltet und schaltet sich dann automatisch [&hellip;]\" \/>\n<meta property=\"og:url\" content=\"https:\/\/support.e-trailer.nl\/de\/e-load\/e-load-unterstuetzung\/e-load-werte\/\" \/>\n<meta property=\"og:site_name\" content=\"Support\" \/>\n<meta property=\"article:modified_time\" content=\"2023-08-08T11:47:52+00:00\" \/>\n<meta property=\"og:image\" content=\"https:\/\/support.e-trailer.nl\/wp-content\/uploads\/2021\/06\/E-Load.png\" \/>\n<meta name=\"twitter:card\" content=\"summary_large_image\" \/>\n<meta name=\"twitter:label1\" content=\"Gesch\u00e4tzte Lesezeit\" \/>\n\t<meta name=\"twitter:data1\" content=\"2\u00a0Minuten\" \/>\n<script type=\"application\/ld+json\" class=\"yoast-schema-graph\">{\"@context\":\"https:\/\/schema.org\",\"@graph\":[{\"@type\":\"WebPage\",\"@id\":\"https:\/\/support.e-trailer.nl\/de\/e-load\/e-load-unterstuetzung\/e-load-werte\/\",\"url\":\"https:\/\/support.e-trailer.nl\/de\/e-load\/e-load-unterstuetzung\/e-load-werte\/\",\"name\":\"E-Load Werte - Support\",\"isPartOf\":{\"@id\":\"https:\/\/support.e-trailer.nl\/de\/#website\"},\"primaryImageOfPage\":{\"@id\":\"https:\/\/support.e-trailer.nl\/de\/e-load\/e-load-unterstuetzung\/e-load-werte\/#primaryimage\"},\"image\":{\"@id\":\"https:\/\/support.e-trailer.nl\/de\/e-load\/e-load-unterstuetzung\/e-load-werte\/#primaryimage\"},\"thumbnailUrl\":\"https:\/\/support.e-trailer.nl\/wp-content\/uploads\/2021\/06\/E-Load.png\",\"datePublished\":\"2022-01-28T14:13:47+00:00\",\"dateModified\":\"2023-08-08T11:47:52+00:00\",\"breadcrumb\":{\"@id\":\"https:\/\/support.e-trailer.nl\/de\/e-load\/e-load-unterstuetzung\/e-load-werte\/#breadcrumb\"},\"inLanguage\":\"de\",\"potentialAction\":[{\"@type\":\"ReadAction\",\"target\":[\"https:\/\/support.e-trailer.nl\/de\/e-load\/e-load-unterstuetzung\/e-load-werte\/\"]}]},{\"@type\":\"ImageObject\",\"inLanguage\":\"de\",\"@id\":\"https:\/\/support.e-trailer.nl\/de\/e-load\/e-load-unterstuetzung\/e-load-werte\/#primaryimage\",\"url\":\"https:\/\/support.e-trailer.nl\/wp-content\/uploads\/2021\/06\/E-Load.png\",\"contentUrl\":\"https:\/\/support.e-trailer.nl\/wp-content\/uploads\/2021\/06\/E-Load.png\"},{\"@type\":\"BreadcrumbList\",\"@id\":\"https:\/\/support.e-trailer.nl\/de\/e-load\/e-load-unterstuetzung\/e-load-werte\/#breadcrumb\",\"itemListElement\":[{\"@type\":\"ListItem\",\"position\":1,\"name\":\"Home\",\"item\":\"https:\/\/support.e-trailer.nl\/de\/startseite\/\"},{\"@type\":\"ListItem\",\"position\":2,\"name\":\"E-Load\",\"item\":\"https:\/\/support.e-trailer.nl\/de\/e-load\/\"},{\"@type\":\"ListItem\",\"position\":3,\"name\":\"E-Load Unterst\u00fctzung\",\"item\":\"https:\/\/support.e-trailer.nl\/de\/e-load\/e-load-unterstuetzung\/\"},{\"@type\":\"ListItem\",\"position\":4,\"name\":\"E-Load Werte\"}]},{\"@type\":\"WebSite\",\"@id\":\"https:\/\/support.e-trailer.nl\/de\/#website\",\"url\":\"https:\/\/support.e-trailer.nl\/de\/\",\"name\":\"Support\",\"description\":\"Ondersteuning van de E-Trailer producten\",\"publisher\":{\"@id\":\"https:\/\/support.e-trailer.nl\/de\/#organization\"},\"potentialAction\":[{\"@type\":\"SearchAction\",\"target\":{\"@type\":\"EntryPoint\",\"urlTemplate\":\"https:\/\/support.e-trailer.nl\/de\/?s={search_term_string}\"},\"query-input\":{\"@type\":\"PropertyValueSpecification\",\"valueRequired\":true,\"valueName\":\"search_term_string\"}}],\"inLanguage\":\"de\"},{\"@type\":\"Organization\",\"@id\":\"https:\/\/support.e-trailer.nl\/de\/#organization\",\"name\":\"Support\",\"url\":\"https:\/\/support.e-trailer.nl\/de\/\",\"logo\":{\"@type\":\"ImageObject\",\"inLanguage\":\"de\",\"@id\":\"https:\/\/support.e-trailer.nl\/de\/#\/schema\/logo\/image\/\",\"url\":\"https:\/\/support.e-trailer.nl\/wp-content\/uploads\/2021\/04\/cropped-Horizontal_logo_grey.png\",\"contentUrl\":\"https:\/\/support.e-trailer.nl\/wp-content\/uploads\/2021\/04\/cropped-Horizontal_logo_grey.png\",\"width\":1022,\"height\":328,\"caption\":\"Support\"},\"image\":{\"@id\":\"https:\/\/support.e-trailer.nl\/de\/#\/schema\/logo\/image\/\"}}]}<\/script>\n<!-- \/ Yoast SEO plugin. -->","yoast_head_json":{"title":"E-Load Werte - Support","robots":{"index":"index","follow":"follow","max-snippet":"max-snippet:-1","max-image-preview":"max-image-preview:large","max-video-preview":"max-video-preview:-1"},"canonical":"https:\/\/support.e-trailer.nl\/de\/e-load\/e-load-unterstuetzung\/e-load-werte\/","og_locale":"de_DE","og_type":"article","og_title":"E-Load Werte - Support","og_description":"E-Load Anderes Produkt Werte werden nicht aktualisiert oder sind falsch Werte in der App werden nicht aktualisiert Der Sensor sendet nicht, wenn die Taste nicht eingeschaltet ist. Dr\u00fccken Sie die Taste, um das E-Load einzuschalten. Eine LED-Leuchte blinkt um die Taste herum. Das E-Load bleibt etwa 5 Minuten lang eingeschaltet und schaltet sich dann automatisch [&hellip;]","og_url":"https:\/\/support.e-trailer.nl\/de\/e-load\/e-load-unterstuetzung\/e-load-werte\/","og_site_name":"Support","article_modified_time":"2023-08-08T11:47:52+00:00","og_image":[{"url":"https:\/\/support.e-trailer.nl\/wp-content\/uploads\/2021\/06\/E-Load.png","type":"","width":"","height":""}],"twitter_card":"summary_large_image","twitter_misc":{"Gesch\u00e4tzte Lesezeit":"2\u00a0Minuten"},"schema":{"@context":"https:\/\/schema.org","@graph":[{"@type":"WebPage","@id":"https:\/\/support.e-trailer.nl\/de\/e-load\/e-load-unterstuetzung\/e-load-werte\/","url":"https:\/\/support.e-trailer.nl\/de\/e-load\/e-load-unterstuetzung\/e-load-werte\/","name":"E-Load Werte - Support","isPartOf":{"@id":"https:\/\/support.e-trailer.nl\/de\/#website"},"primaryImageOfPage":{"@id":"https:\/\/support.e-trailer.nl\/de\/e-load\/e-load-unterstuetzung\/e-load-werte\/#primaryimage"},"image":{"@id":"https:\/\/support.e-trailer.nl\/de\/e-load\/e-load-unterstuetzung\/e-load-werte\/#primaryimage"},"thumbnailUrl":"https:\/\/support.e-trailer.nl\/wp-content\/uploads\/2021\/06\/E-Load.png","datePublished":"2022-01-28T14:13:47+00:00","dateModified":"2023-08-08T11:47:52+00:00","breadcrumb":{"@id":"https:\/\/support.e-trailer.nl\/de\/e-load\/e-load-unterstuetzung\/e-load-werte\/#breadcrumb"},"inLanguage":"de","potentialAction":[{"@type":"ReadAction","target":["https:\/\/support.e-trailer.nl\/de\/e-load\/e-load-unterstuetzung\/e-load-werte\/"]}]},{"@type":"ImageObject","inLanguage":"de","@id":"https:\/\/support.e-trailer.nl\/de\/e-load\/e-load-unterstuetzung\/e-load-werte\/#primaryimage","url":"https:\/\/support.e-trailer.nl\/wp-content\/uploads\/2021\/06\/E-Load.png","contentUrl":"https:\/\/support.e-trailer.nl\/wp-content\/uploads\/2021\/06\/E-Load.png"},{"@type":"BreadcrumbList","@id":"https:\/\/support.e-trailer.nl\/de\/e-load\/e-load-unterstuetzung\/e-load-werte\/#breadcrumb","itemListElement":[{"@type":"ListItem","position":1,"name":"Home","item":"https:\/\/support.e-trailer.nl\/de\/startseite\/"},{"@type":"ListItem","position":2,"name":"E-Load","item":"https:\/\/support.e-trailer.nl\/de\/e-load\/"},{"@type":"ListItem","position":3,"name":"E-Load Unterst\u00fctzung","item":"https:\/\/support.e-trailer.nl\/de\/e-load\/e-load-unterstuetzung\/"},{"@type":"ListItem","position":4,"name":"E-Load Werte"}]},{"@type":"WebSite","@id":"https:\/\/support.e-trailer.nl\/de\/#website","url":"https:\/\/support.e-trailer.nl\/de\/","name":"Support","description":"Ondersteuning van de E-Trailer producten","publisher":{"@id":"https:\/\/support.e-trailer.nl\/de\/#organization"},"potentialAction":[{"@type":"SearchAction","target":{"@type":"EntryPoint","urlTemplate":"https:\/\/support.e-trailer.nl\/de\/?s={search_term_string}"},"query-input":{"@type":"PropertyValueSpecification","valueRequired":true,"valueName":"search_term_string"}}],"inLanguage":"de"},{"@type":"Organization","@id":"https:\/\/support.e-trailer.nl\/de\/#organization","name":"Support","url":"https:\/\/support.e-trailer.nl\/de\/","logo":{"@type":"ImageObject","inLanguage":"de","@id":"https:\/\/support.e-trailer.nl\/de\/#\/schema\/logo\/image\/","url":"https:\/\/support.e-trailer.nl\/wp-content\/uploads\/2021\/04\/cropped-Horizontal_logo_grey.png","contentUrl":"https:\/\/support.e-trailer.nl\/wp-content\/uploads\/2021\/04\/cropped-Horizontal_logo_grey.png","width":1022,"height":328,"caption":"Support"},"image":{"@id":"https:\/\/support.e-trailer.nl\/de\/#\/schema\/logo\/image\/"}}]}},"_links":{"self":[{"href":"https:\/\/support.e-trailer.nl\/de\/wp-json\/wp\/v2\/pages\/9149","targetHints":{"allow":["GET"]}}],"collection":[{"href":"https:\/\/support.e-trailer.nl\/de\/wp-json\/wp\/v2\/pages"}],"about":[{"href":"https:\/\/support.e-trailer.nl\/de\/wp-json\/wp\/v2\/types\/page"}],"author":[{"embeddable":true,"href":"https:\/\/support.e-trailer.nl\/de\/wp-json\/wp\/v2\/users\/1"}],"replies":[{"embeddable":true,"href":"https:\/\/support.e-trailer.nl\/de\/wp-json\/wp\/v2\/comments?post=9149"}],"version-history":[{"count":7,"href":"https:\/\/support.e-trailer.nl\/de\/wp-json\/wp\/v2\/pages\/9149\/revisions"}],"predecessor-version":[{"id":13736,"href":"https:\/\/support.e-trailer.nl\/de\/wp-json\/wp\/v2\/pages\/9149\/revisions\/13736"}],"up":[{"embeddable":true,"href":"https:\/\/support.e-trailer.nl\/de\/wp-json\/wp\/v2\/pages\/9130"}],"wp:attachment":[{"href":"https:\/\/support.e-trailer.nl\/de\/wp-json\/wp\/v2\/media?parent=9149"}],"curies":[{"name":"wp","href":"https:\/\/api.w.org\/{rel}","templated":true}]}}