{"id":9395,"date":"2022-02-02T15:19:15","date_gmt":"2022-02-02T15:19:15","guid":{"rendered":"https:\/\/support.e-trailer.nl\/e-waterlevel\/e-waterlevel-unterstuetzung\/e-waterlevel-batteriewechsel\/"},"modified":"2023-08-29T09:11:41","modified_gmt":"2023-08-29T09:11:41","slug":"e-waterlevel-batteriewechsel","status":"publish","type":"page","link":"https:\/\/support.e-trailer.nl\/de\/e-waterlevel\/e-waterlevel-unterstuetzung\/e-waterlevel-batteriewechsel\/","title":{"rendered":"E-Waterlevel Batteriewechsel"},"content":{"rendered":"\t\t<div data-elementor-type=\"wp-page\" data-elementor-id=\"9395\" class=\"elementor elementor-9395 elementor-4099\" data-elementor-post-type=\"page\">\n\t\t\t\t\t\t<section class=\"elementor-section elementor-top-section elementor-element elementor-element-303b6f8f elementor-section-full_width elementor-section-height-default elementor-section-height-default\" data-id=\"303b6f8f\" data-element_type=\"section\" data-settings=\"{&quot;background_background&quot;:&quot;classic&quot;}\">\n\t\t\t\t\t\t<div class=\"elementor-container elementor-column-gap-default\">\n\t\t\t\t\t<div class=\"elementor-column elementor-col-50 elementor-top-column elementor-element elementor-element-4291989b\" data-id=\"4291989b\" data-element_type=\"column\">\n\t\t\t<div class=\"elementor-widget-wrap elementor-element-populated\">\n\t\t\t\t\t\t<div class=\"elementor-element elementor-element-2865c9f4 elementor-widget elementor-widget-image\" data-id=\"2865c9f4\" data-element_type=\"widget\" data-widget_type=\"image.default\">\n\t\t\t\t<div class=\"elementor-widget-container\">\n\t\t\t\t\t\t\t\t\t\t\t\t\t\t\t<img decoding=\"async\" width=\"72\" height=\"72\" src=\"https:\/\/support.e-trailer.nl\/wp-content\/uploads\/2021\/06\/E-Waterlevel.png\" class=\"attachment-thumbnail size-thumbnail wp-image-2275\" alt=\"\" \/>\t\t\t\t\t\t\t\t\t\t\t\t\t\t\t<\/div>\n\t\t\t\t<\/div>\n\t\t\t\t\t<\/div>\n\t\t<\/div>\n\t\t\t\t<div class=\"elementor-column elementor-col-50 elementor-top-column elementor-element elementor-element-2f85ae50\" data-id=\"2f85ae50\" data-element_type=\"column\">\n\t\t\t<div class=\"elementor-widget-wrap elementor-element-populated\">\n\t\t\t\t\t\t<div class=\"elementor-element elementor-element-1fd634b6 elementor-widget elementor-widget-heading\" data-id=\"1fd634b6\" data-element_type=\"widget\" data-widget_type=\"heading.default\">\n\t\t\t\t<div class=\"elementor-widget-container\">\n\t\t\t\t\t<h2 class=\"elementor-heading-title elementor-size-default\">E-Waterlevel<\/h2>\t\t\t\t<\/div>\n\t\t\t\t<\/div>\n\t\t\t\t<div class=\"elementor-element elementor-element-2913c9bf elementor-widget elementor-widget-text-editor\" data-id=\"2913c9bf\" data-element_type=\"widget\" data-widget_type=\"text-editor.default\">\n\t\t\t\t<div class=\"elementor-widget-container\">\n\t\t\t\t\t\t\t\t\t<p><a href=\"https:\/\/support.e-trailer.nl\/de\/\"><span style=\"text-decoration: underline;\">Anderes Produkt<\/span><\/a><\/p>\n\t\t\t\t\t\t\t\t<\/div>\n\t\t\t\t<\/div>\n\t\t\t\t<div class=\"elementor-element elementor-element-1d3bfb3c elementor-widget elementor-widget-breadcrumbs\" data-id=\"1d3bfb3c\" data-element_type=\"widget\" data-widget_type=\"breadcrumbs.default\">\n\t\t\t\t<div class=\"elementor-widget-container\">\n\t\t\t\t\t<p id=\"breadcrumbs\"><span><span><a href=\"https:\/\/support.e-trailer.nl\/de\/startseite\/\">Home<\/a><\/span><\/span><\/p>\t\t\t\t<\/div>\n\t\t\t\t<\/div>\n\t\t\t\t\t<\/div>\n\t\t<\/div>\n\t\t\t\t\t<\/div>\n\t\t<\/section>\n\t\t\t\t<section class=\"elementor-section elementor-top-section elementor-element elementor-element-11b18c3 elementor-section-full_width elementor-section-height-default elementor-section-height-default\" data-id=\"11b18c3\" data-element_type=\"section\">\n\t\t\t\t\t\t<div class=\"elementor-container elementor-column-gap-default\">\n\t\t\t\t\t<div class=\"elementor-column elementor-col-33 elementor-top-column elementor-element elementor-element-a88ef7a\" data-id=\"a88ef7a\" data-element_type=\"column\">\n\t\t\t<div class=\"elementor-widget-wrap elementor-element-populated\">\n\t\t\t\t\t\t<div class=\"elementor-element elementor-element-4044190 elementor-nav-menu__align-start elementor-nav-menu--dropdown-tablet elementor-nav-menu__text-align-aside elementor-nav-menu--toggle elementor-nav-menu--burger elementor-widget elementor-widget-nav-menu\" data-id=\"4044190\" data-element_type=\"widget\" data-settings=\"{&quot;layout&quot;:&quot;vertical&quot;,&quot;submenu_icon&quot;:{&quot;value&quot;:&quot;&lt;i class=\\&quot;fas fa-caret-down\\&quot;&gt;&lt;\\\/i&gt;&quot;,&quot;library&quot;:&quot;fa-solid&quot;},&quot;toggle&quot;:&quot;burger&quot;}\" data-widget_type=\"nav-menu.default\">\n\t\t\t\t<div class=\"elementor-widget-container\">\n\t\t\t\t\t\t\t\t<nav aria-label=\"Men\u00fc\" class=\"elementor-nav-menu--main elementor-nav-menu__container elementor-nav-menu--layout-vertical e--pointer-background e--animation-fade\">\n\t\t\t\t<ul id=\"menu-1-4044190\" class=\"elementor-nav-menu sm-vertical\"><li class=\"menu-item menu-item-type-post_type menu-item-object-page menu-item-9401\"><a href=\"https:\/\/support.e-trailer.nl\/de\/e-waterlevel\/e-waterlevel-unterstuetzung\/\" class=\"elementor-item menu-link\">Unterst\u00fctzung<\/a><\/li>\n<li class=\"menu-item menu-item-type-post_type menu-item-object-page menu-item-9408\"><a href=\"https:\/\/support.e-trailer.nl\/de\/e-waterlevel\/e-waterlevel-unterstuetzung\/e-waterlevel-installation\/\" class=\"elementor-item menu-link\">Installation<\/a><\/li>\n<li class=\"menu-item menu-item-type-post_type menu-item-object-page menu-item-9407\"><a href=\"https:\/\/support.e-trailer.nl\/de\/e-waterlevel\/e-waterlevel-unterstuetzung\/e-waterlevel-verbinden\/\" class=\"elementor-item menu-link\">Verbinden<\/a><\/li>\n<li class=\"menu-item menu-item-type-post_type menu-item-object-page menu-item-9406\"><a href=\"https:\/\/support.e-trailer.nl\/de\/e-waterlevel\/e-waterlevel-unterstuetzung\/e-waterlevel-einstellungen\/\" class=\"elementor-item menu-link\">Einstellungen<\/a><\/li>\n<li class=\"menu-item menu-item-type-post_type menu-item-object-page menu-item-9405\"><a href=\"https:\/\/support.e-trailer.nl\/de\/e-waterlevel\/e-waterlevel-unterstuetzung\/e-waterlevel-werte\/\" class=\"elementor-item menu-link\">Werte<\/a><\/li>\n<li class=\"menu-item menu-item-type-post_type menu-item-object-page menu-item-9404\"><a href=\"https:\/\/support.e-trailer.nl\/de\/e-waterlevel\/e-waterlevel-unterstuetzung\/e-waterlevel-batteriewechsel\/\" class=\"elementor-item menu-link\">Batteriewechsel<\/a><\/li>\n<li class=\"menu-item menu-item-type-post_type menu-item-object-page menu-item-9403\"><a href=\"https:\/\/support.e-trailer.nl\/de\/e-waterlevel\/e-waterlevel-unterstuetzung\/e-waterlevel-wartung\/\" class=\"elementor-item menu-link\">Wartung<\/a><\/li>\n<li class=\"menu-item menu-item-type-post_type menu-item-object-page menu-item-9402\"><a href=\"https:\/\/support.e-trailer.nl\/de\/e-waterlevel\/e-waterlevel-unterstuetzung\/e-waterlevel-produktinformationen\/\" class=\"elementor-item menu-link\">Produktinformationen<\/a><\/li>\n<\/ul>\t\t\t<\/nav>\n\t\t\t\t\t<div class=\"elementor-menu-toggle\" role=\"button\" tabindex=\"0\" aria-label=\"Men\u00fc Umschalter\" aria-expanded=\"false\">\n\t\t\t<i aria-hidden=\"true\" role=\"presentation\" class=\"elementor-menu-toggle__icon--open eicon-menu-bar\"><\/i><i aria-hidden=\"true\" role=\"presentation\" class=\"elementor-menu-toggle__icon--close eicon-close\"><\/i>\t\t<\/div>\n\t\t\t\t\t<nav class=\"elementor-nav-menu--dropdown elementor-nav-menu__container\" aria-hidden=\"true\">\n\t\t\t\t<ul id=\"menu-2-4044190\" class=\"elementor-nav-menu sm-vertical\"><li class=\"menu-item menu-item-type-post_type menu-item-object-page menu-item-9401\"><a href=\"https:\/\/support.e-trailer.nl\/de\/e-waterlevel\/e-waterlevel-unterstuetzung\/\" class=\"elementor-item menu-link\" tabindex=\"-1\">Unterst\u00fctzung<\/a><\/li>\n<li class=\"menu-item menu-item-type-post_type menu-item-object-page menu-item-9408\"><a href=\"https:\/\/support.e-trailer.nl\/de\/e-waterlevel\/e-waterlevel-unterstuetzung\/e-waterlevel-installation\/\" class=\"elementor-item menu-link\" tabindex=\"-1\">Installation<\/a><\/li>\n<li class=\"menu-item menu-item-type-post_type menu-item-object-page menu-item-9407\"><a href=\"https:\/\/support.e-trailer.nl\/de\/e-waterlevel\/e-waterlevel-unterstuetzung\/e-waterlevel-verbinden\/\" class=\"elementor-item menu-link\" tabindex=\"-1\">Verbinden<\/a><\/li>\n<li class=\"menu-item menu-item-type-post_type menu-item-object-page menu-item-9406\"><a href=\"https:\/\/support.e-trailer.nl\/de\/e-waterlevel\/e-waterlevel-unterstuetzung\/e-waterlevel-einstellungen\/\" class=\"elementor-item menu-link\" tabindex=\"-1\">Einstellungen<\/a><\/li>\n<li class=\"menu-item menu-item-type-post_type menu-item-object-page menu-item-9405\"><a href=\"https:\/\/support.e-trailer.nl\/de\/e-waterlevel\/e-waterlevel-unterstuetzung\/e-waterlevel-werte\/\" class=\"elementor-item menu-link\" tabindex=\"-1\">Werte<\/a><\/li>\n<li class=\"menu-item menu-item-type-post_type menu-item-object-page menu-item-9404\"><a href=\"https:\/\/support.e-trailer.nl\/de\/e-waterlevel\/e-waterlevel-unterstuetzung\/e-waterlevel-batteriewechsel\/\" class=\"elementor-item menu-link\" tabindex=\"-1\">Batteriewechsel<\/a><\/li>\n<li class=\"menu-item menu-item-type-post_type menu-item-object-page menu-item-9403\"><a href=\"https:\/\/support.e-trailer.nl\/de\/e-waterlevel\/e-waterlevel-unterstuetzung\/e-waterlevel-wartung\/\" class=\"elementor-item menu-link\" tabindex=\"-1\">Wartung<\/a><\/li>\n<li class=\"menu-item menu-item-type-post_type menu-item-object-page menu-item-9402\"><a href=\"https:\/\/support.e-trailer.nl\/de\/e-waterlevel\/e-waterlevel-unterstuetzung\/e-waterlevel-produktinformationen\/\" class=\"elementor-item menu-link\" tabindex=\"-1\">Produktinformationen<\/a><\/li>\n<\/ul>\t\t\t<\/nav>\n\t\t\t\t\t\t<\/div>\n\t\t\t\t<\/div>\n\t\t\t\t\t<\/div>\n\t\t<\/div>\n\t\t\t\t<div class=\"elementor-column elementor-col-66 elementor-top-column elementor-element elementor-element-69ab57a\" data-id=\"69ab57a\" data-element_type=\"column\">\n\t\t\t<div class=\"elementor-widget-wrap elementor-element-populated\">\n\t\t\t\t\t\t<div class=\"elementor-element elementor-element-c00c4c0 elementor-widget elementor-widget-text-editor\" data-id=\"c00c4c0\" data-element_type=\"widget\" data-widget_type=\"text-editor.default\">\n\t\t\t\t<div class=\"elementor-widget-container\">\n\t\t\t\t\t\t\t\t\t<h2>Auswechseln der Batterie<\/h2>\n<p>Der E-Waterlevel enth\u00e4lt eine CR 2032 Batterie (erh\u00e4ltlich in unserem <a href=\"https:\/\/e-trailer.nl\/webshop\/accessoires\/\">Webshop<\/a>). <\/p>\n<p>Nachdem die Zuglasche von der E-Waterlevel-Batterie entfernt wurde, leuchtet kurz eine gr\u00fcne LED im Geh\u00e4use auf. Im Prinzip halten die Batterien 2 Jahre. Um Fehlfunktionen Ihres Moduls zu vermeiden, sollten Sie immer Ersatzbatterien mit sich f\u00fchren.<\/p>\n<p>Die Module m\u00fcssen nach einem Batteriewechsel nicht neu installiert werden. Sobald Sie die Batterie ausgetauscht haben, sollte sich das Starterpaket wieder mit dem E-Waterlevel verbinden.<\/p>\n\t\t\t\t\t\t\t\t<\/div>\n\t\t\t\t<\/div>\n\t\t\t\t<div class=\"elementor-element elementor-element-c474438 elementor-widget elementor-widget-image\" data-id=\"c474438\" data-element_type=\"widget\" data-widget_type=\"image.default\">\n\t\t\t\t<div class=\"elementor-widget-container\">\n\t\t\t\t\t\t\t\t\t\t\t\t\t\t\t<img decoding=\"async\" src=\"https:\/\/support.e-trailer.nl\/wp-content\/uploads\/elementor\/thumbs\/E-Waterlevel-v2-batterij-qbmahtbbl3kvguwe55u7ottukhos6rgm121eek12de.jpg\" title=\"E-Waterlevel v2 batterij\" alt=\"E-Waterlevel v2 batterij\" loading=\"lazy\" \/>\t\t\t\t\t\t\t\t\t\t\t\t\t\t\t<\/div>\n\t\t\t\t<\/div>\n\t\t\t\t<div class=\"elementor-element elementor-element-aac702d elementor-widget elementor-widget-text-editor\" data-id=\"aac702d\" data-element_type=\"widget\" data-widget_type=\"text-editor.default\">\n\t\t\t\t<div class=\"elementor-widget-container\">\n\t\t\t\t\t\t\t\t\t<ol>\n<li>Schrauben Sie den Geh\u00e4usedeckel ab<\/li>\n<li>Nehmen Sie die Batterie aus der Halterung und legen Sie eine neue ein. Vergewissern Sie sich, dass die +-Seite auf die richtige Seite zeigt.<\/li>\n<li>Die LED auf der Platine leuchtet etwa 10 Sekunden lang auf, wenn Sie die neue Batterie einsetzen. Dann schaltet es sich von selbst aus<\/li>\n<li>Schrauben Sie die Kappe wieder fest auf das Geh\u00e4use, damit kein Wasser in den Sensor eindringen und ihn unbrauchbar machen kann.<\/li>\n<\/ol>\n\t\t\t\t\t\t\t\t<\/div>\n\t\t\t\t<\/div>\n\t\t\t\t\t<\/div>\n\t\t<\/div>\n\t\t\t\t\t<\/div>\n\t\t<\/section>\n\t\t\t\t<\/div>\n\t\t","protected":false},"excerpt":{"rendered":"<p>E-Waterlevel Anderes Produkt Auswechseln der Batterie Der E-Waterlevel enth\u00e4lt eine CR 2032 Batterie (erh\u00e4ltlich in unserem Webshop). Nachdem die Zuglasche von der E-Waterlevel-Batterie entfernt wurde, leuchtet kurz eine gr\u00fcne LED im Geh\u00e4use auf. Im Prinzip halten die Batterien 2 Jahre. Um Fehlfunktionen Ihres Moduls zu vermeiden, sollten Sie immer Ersatzbatterien mit sich f\u00fchren. Die Module [&hellip;]<\/p>\n","protected":false},"author":1,"featured_media":0,"parent":9375,"menu_order":0,"comment_status":"closed","ping_status":"closed","template":"","meta":{"site-sidebar-layout":"no-sidebar","site-content-layout":"page-builder","ast-site-content-layout":"","site-content-style":"default","site-sidebar-style":"default","ast-global-header-display":"","ast-banner-title-visibility":"","ast-main-header-display":"","ast-hfb-above-header-display":"","ast-hfb-below-header-display":"","ast-hfb-mobile-header-display":"","site-post-title":"disabled","ast-breadcrumbs-content":"","ast-featured-img":"disabled","footer-sml-layout":"","theme-transparent-header-meta":"default","adv-header-id-meta":"","stick-header-meta":"","header-above-stick-meta":"","header-main-stick-meta":"","header-below-stick-meta":"","astra-migrate-meta-layouts":"default","ast-page-background-enabled":"default","ast-page-background-meta":{"desktop":{"background-color":"","background-image":"","background-repeat":"repeat","background-position":"center center","background-size":"auto","background-attachment":"scroll","background-type":"","background-media":"","overlay-type":"","overlay-color":"","overlay-opacity":"","overlay-gradient":""},"tablet":{"background-color":"","background-image":"","background-repeat":"repeat","background-position":"center center","background-size":"auto","background-attachment":"scroll","background-type":"","background-media":"","overlay-type":"","overlay-color":"","overlay-opacity":"","overlay-gradient":""},"mobile":{"background-color":"","background-image":"","background-repeat":"repeat","background-position":"center center","background-size":"auto","background-attachment":"scroll","background-type":"","background-media":"","overlay-type":"","overlay-color":"","overlay-opacity":"","overlay-gradient":""}},"ast-content-background-meta":{"desktop":{"background-color":"var(--ast-global-color-5)","background-image":"","background-repeat":"repeat","background-position":"center center","background-size":"auto","background-attachment":"scroll","background-type":"","background-media":"","overlay-type":"","overlay-color":"","overlay-opacity":"","overlay-gradient":""},"tablet":{"background-color":"var(--ast-global-color-5)","background-image":"","background-repeat":"repeat","background-position":"center center","background-size":"auto","background-attachment":"scroll","background-type":"","background-media":"","overlay-type":"","overlay-color":"","overlay-opacity":"","overlay-gradient":""},"mobile":{"background-color":"var(--ast-global-color-5)","background-image":"","background-repeat":"repeat","background-position":"center center","background-size":"auto","background-attachment":"scroll","background-type":"","background-media":"","overlay-type":"","overlay-color":"","overlay-opacity":"","overlay-gradient":""}},"footnotes":""},"class_list":["post-9395","page","type-page","status-publish","hentry"],"yoast_head":"<!-- This site is optimized with the Yoast SEO plugin v24.6 - https:\/\/yoast.com\/wordpress\/plugins\/seo\/ -->\n<title>E-Waterlevel Batteriewechsel - Support<\/title>\n<meta name=\"robots\" content=\"index, follow, max-snippet:-1, max-image-preview:large, max-video-preview:-1\" \/>\n<link rel=\"canonical\" href=\"https:\/\/support.e-trailer.nl\/de\/e-waterlevel\/e-waterlevel-unterstuetzung\/e-waterlevel-batteriewechsel\/\" \/>\n<meta property=\"og:locale\" content=\"de_DE\" \/>\n<meta property=\"og:type\" content=\"article\" \/>\n<meta property=\"og:title\" content=\"E-Waterlevel Batteriewechsel - Support\" \/>\n<meta property=\"og:description\" content=\"E-Waterlevel Anderes Produkt Auswechseln der Batterie Der E-Waterlevel enth\u00e4lt eine CR 2032 Batterie (erh\u00e4ltlich in unserem Webshop). Nachdem die Zuglasche von der E-Waterlevel-Batterie entfernt wurde, leuchtet kurz eine gr\u00fcne LED im Geh\u00e4use auf. Im Prinzip halten die Batterien 2 Jahre. Um Fehlfunktionen Ihres Moduls zu vermeiden, sollten Sie immer Ersatzbatterien mit sich f\u00fchren. Die Module [&hellip;]\" \/>\n<meta property=\"og:url\" content=\"https:\/\/support.e-trailer.nl\/de\/e-waterlevel\/e-waterlevel-unterstuetzung\/e-waterlevel-batteriewechsel\/\" \/>\n<meta property=\"og:site_name\" content=\"Support\" \/>\n<meta property=\"article:modified_time\" content=\"2023-08-29T09:11:41+00:00\" \/>\n<meta property=\"og:image\" content=\"https:\/\/support.e-trailer.nl\/wp-content\/uploads\/2021\/06\/E-Waterlevel.png\" \/>\n<meta name=\"twitter:card\" content=\"summary_large_image\" \/>\n<meta name=\"twitter:label1\" content=\"Gesch\u00e4tzte Lesezeit\" \/>\n\t<meta name=\"twitter:data1\" content=\"2\u00a0Minuten\" \/>\n<script type=\"application\/ld+json\" class=\"yoast-schema-graph\">{\"@context\":\"https:\/\/schema.org\",\"@graph\":[{\"@type\":\"WebPage\",\"@id\":\"https:\/\/support.e-trailer.nl\/de\/e-waterlevel\/e-waterlevel-unterstuetzung\/e-waterlevel-batteriewechsel\/\",\"url\":\"https:\/\/support.e-trailer.nl\/de\/e-waterlevel\/e-waterlevel-unterstuetzung\/e-waterlevel-batteriewechsel\/\",\"name\":\"E-Waterlevel Batteriewechsel - Support\",\"isPartOf\":{\"@id\":\"https:\/\/support.e-trailer.nl\/de\/#website\"},\"primaryImageOfPage\":{\"@id\":\"https:\/\/support.e-trailer.nl\/de\/e-waterlevel\/e-waterlevel-unterstuetzung\/e-waterlevel-batteriewechsel\/#primaryimage\"},\"image\":{\"@id\":\"https:\/\/support.e-trailer.nl\/de\/e-waterlevel\/e-waterlevel-unterstuetzung\/e-waterlevel-batteriewechsel\/#primaryimage\"},\"thumbnailUrl\":\"https:\/\/support.e-trailer.nl\/wp-content\/uploads\/2021\/06\/E-Waterlevel.png\",\"datePublished\":\"2022-02-02T15:19:15+00:00\",\"dateModified\":\"2023-08-29T09:11:41+00:00\",\"breadcrumb\":{\"@id\":\"https:\/\/support.e-trailer.nl\/de\/e-waterlevel\/e-waterlevel-unterstuetzung\/e-waterlevel-batteriewechsel\/#breadcrumb\"},\"inLanguage\":\"de\",\"potentialAction\":[{\"@type\":\"ReadAction\",\"target\":[\"https:\/\/support.e-trailer.nl\/de\/e-waterlevel\/e-waterlevel-unterstuetzung\/e-waterlevel-batteriewechsel\/\"]}]},{\"@type\":\"ImageObject\",\"inLanguage\":\"de\",\"@id\":\"https:\/\/support.e-trailer.nl\/de\/e-waterlevel\/e-waterlevel-unterstuetzung\/e-waterlevel-batteriewechsel\/#primaryimage\",\"url\":\"https:\/\/support.e-trailer.nl\/wp-content\/uploads\/2021\/06\/E-Waterlevel.png\",\"contentUrl\":\"https:\/\/support.e-trailer.nl\/wp-content\/uploads\/2021\/06\/E-Waterlevel.png\"},{\"@type\":\"BreadcrumbList\",\"@id\":\"https:\/\/support.e-trailer.nl\/de\/e-waterlevel\/e-waterlevel-unterstuetzung\/e-waterlevel-batteriewechsel\/#breadcrumb\",\"itemListElement\":[{\"@type\":\"ListItem\",\"position\":1,\"name\":\"Home\",\"item\":\"https:\/\/support.e-trailer.nl\/de\/startseite\/\"},{\"@type\":\"ListItem\",\"position\":2,\"name\":\"E-Waterlevel\",\"item\":\"https:\/\/support.e-trailer.nl\/de\/e-waterlevel\/\"},{\"@type\":\"ListItem\",\"position\":3,\"name\":\"E-Waterlevel Unterst\u00fctzung\",\"item\":\"https:\/\/support.e-trailer.nl\/de\/e-waterlevel\/e-waterlevel-unterstuetzung\/\"},{\"@type\":\"ListItem\",\"position\":4,\"name\":\"E-Waterlevel Batteriewechsel\"}]},{\"@type\":\"WebSite\",\"@id\":\"https:\/\/support.e-trailer.nl\/de\/#website\",\"url\":\"https:\/\/support.e-trailer.nl\/de\/\",\"name\":\"Support\",\"description\":\"Ondersteuning van de E-Trailer producten\",\"publisher\":{\"@id\":\"https:\/\/support.e-trailer.nl\/de\/#organization\"},\"potentialAction\":[{\"@type\":\"SearchAction\",\"target\":{\"@type\":\"EntryPoint\",\"urlTemplate\":\"https:\/\/support.e-trailer.nl\/de\/?s={search_term_string}\"},\"query-input\":{\"@type\":\"PropertyValueSpecification\",\"valueRequired\":true,\"valueName\":\"search_term_string\"}}],\"inLanguage\":\"de\"},{\"@type\":\"Organization\",\"@id\":\"https:\/\/support.e-trailer.nl\/de\/#organization\",\"name\":\"Support\",\"url\":\"https:\/\/support.e-trailer.nl\/de\/\",\"logo\":{\"@type\":\"ImageObject\",\"inLanguage\":\"de\",\"@id\":\"https:\/\/support.e-trailer.nl\/de\/#\/schema\/logo\/image\/\",\"url\":\"https:\/\/support.e-trailer.nl\/wp-content\/uploads\/2021\/04\/cropped-Horizontal_logo_grey.png\",\"contentUrl\":\"https:\/\/support.e-trailer.nl\/wp-content\/uploads\/2021\/04\/cropped-Horizontal_logo_grey.png\",\"width\":1022,\"height\":328,\"caption\":\"Support\"},\"image\":{\"@id\":\"https:\/\/support.e-trailer.nl\/de\/#\/schema\/logo\/image\/\"}}]}<\/script>\n<!-- \/ Yoast SEO plugin. -->","yoast_head_json":{"title":"E-Waterlevel Batteriewechsel - Support","robots":{"index":"index","follow":"follow","max-snippet":"max-snippet:-1","max-image-preview":"max-image-preview:large","max-video-preview":"max-video-preview:-1"},"canonical":"https:\/\/support.e-trailer.nl\/de\/e-waterlevel\/e-waterlevel-unterstuetzung\/e-waterlevel-batteriewechsel\/","og_locale":"de_DE","og_type":"article","og_title":"E-Waterlevel Batteriewechsel - Support","og_description":"E-Waterlevel Anderes Produkt Auswechseln der Batterie Der E-Waterlevel enth\u00e4lt eine CR 2032 Batterie (erh\u00e4ltlich in unserem Webshop). Nachdem die Zuglasche von der E-Waterlevel-Batterie entfernt wurde, leuchtet kurz eine gr\u00fcne LED im Geh\u00e4use auf. Im Prinzip halten die Batterien 2 Jahre. Um Fehlfunktionen Ihres Moduls zu vermeiden, sollten Sie immer Ersatzbatterien mit sich f\u00fchren. Die Module [&hellip;]","og_url":"https:\/\/support.e-trailer.nl\/de\/e-waterlevel\/e-waterlevel-unterstuetzung\/e-waterlevel-batteriewechsel\/","og_site_name":"Support","article_modified_time":"2023-08-29T09:11:41+00:00","og_image":[{"url":"https:\/\/support.e-trailer.nl\/wp-content\/uploads\/2021\/06\/E-Waterlevel.png","type":"","width":"","height":""}],"twitter_card":"summary_large_image","twitter_misc":{"Gesch\u00e4tzte Lesezeit":"2\u00a0Minuten"},"schema":{"@context":"https:\/\/schema.org","@graph":[{"@type":"WebPage","@id":"https:\/\/support.e-trailer.nl\/de\/e-waterlevel\/e-waterlevel-unterstuetzung\/e-waterlevel-batteriewechsel\/","url":"https:\/\/support.e-trailer.nl\/de\/e-waterlevel\/e-waterlevel-unterstuetzung\/e-waterlevel-batteriewechsel\/","name":"E-Waterlevel Batteriewechsel - Support","isPartOf":{"@id":"https:\/\/support.e-trailer.nl\/de\/#website"},"primaryImageOfPage":{"@id":"https:\/\/support.e-trailer.nl\/de\/e-waterlevel\/e-waterlevel-unterstuetzung\/e-waterlevel-batteriewechsel\/#primaryimage"},"image":{"@id":"https:\/\/support.e-trailer.nl\/de\/e-waterlevel\/e-waterlevel-unterstuetzung\/e-waterlevel-batteriewechsel\/#primaryimage"},"thumbnailUrl":"https:\/\/support.e-trailer.nl\/wp-content\/uploads\/2021\/06\/E-Waterlevel.png","datePublished":"2022-02-02T15:19:15+00:00","dateModified":"2023-08-29T09:11:41+00:00","breadcrumb":{"@id":"https:\/\/support.e-trailer.nl\/de\/e-waterlevel\/e-waterlevel-unterstuetzung\/e-waterlevel-batteriewechsel\/#breadcrumb"},"inLanguage":"de","potentialAction":[{"@type":"ReadAction","target":["https:\/\/support.e-trailer.nl\/de\/e-waterlevel\/e-waterlevel-unterstuetzung\/e-waterlevel-batteriewechsel\/"]}]},{"@type":"ImageObject","inLanguage":"de","@id":"https:\/\/support.e-trailer.nl\/de\/e-waterlevel\/e-waterlevel-unterstuetzung\/e-waterlevel-batteriewechsel\/#primaryimage","url":"https:\/\/support.e-trailer.nl\/wp-content\/uploads\/2021\/06\/E-Waterlevel.png","contentUrl":"https:\/\/support.e-trailer.nl\/wp-content\/uploads\/2021\/06\/E-Waterlevel.png"},{"@type":"BreadcrumbList","@id":"https:\/\/support.e-trailer.nl\/de\/e-waterlevel\/e-waterlevel-unterstuetzung\/e-waterlevel-batteriewechsel\/#breadcrumb","itemListElement":[{"@type":"ListItem","position":1,"name":"Home","item":"https:\/\/support.e-trailer.nl\/de\/startseite\/"},{"@type":"ListItem","position":2,"name":"E-Waterlevel","item":"https:\/\/support.e-trailer.nl\/de\/e-waterlevel\/"},{"@type":"ListItem","position":3,"name":"E-Waterlevel Unterst\u00fctzung","item":"https:\/\/support.e-trailer.nl\/de\/e-waterlevel\/e-waterlevel-unterstuetzung\/"},{"@type":"ListItem","position":4,"name":"E-Waterlevel Batteriewechsel"}]},{"@type":"WebSite","@id":"https:\/\/support.e-trailer.nl\/de\/#website","url":"https:\/\/support.e-trailer.nl\/de\/","name":"Support","description":"Ondersteuning van de E-Trailer producten","publisher":{"@id":"https:\/\/support.e-trailer.nl\/de\/#organization"},"potentialAction":[{"@type":"SearchAction","target":{"@type":"EntryPoint","urlTemplate":"https:\/\/support.e-trailer.nl\/de\/?s={search_term_string}"},"query-input":{"@type":"PropertyValueSpecification","valueRequired":true,"valueName":"search_term_string"}}],"inLanguage":"de"},{"@type":"Organization","@id":"https:\/\/support.e-trailer.nl\/de\/#organization","name":"Support","url":"https:\/\/support.e-trailer.nl\/de\/","logo":{"@type":"ImageObject","inLanguage":"de","@id":"https:\/\/support.e-trailer.nl\/de\/#\/schema\/logo\/image\/","url":"https:\/\/support.e-trailer.nl\/wp-content\/uploads\/2021\/04\/cropped-Horizontal_logo_grey.png","contentUrl":"https:\/\/support.e-trailer.nl\/wp-content\/uploads\/2021\/04\/cropped-Horizontal_logo_grey.png","width":1022,"height":328,"caption":"Support"},"image":{"@id":"https:\/\/support.e-trailer.nl\/de\/#\/schema\/logo\/image\/"}}]}},"_links":{"self":[{"href":"https:\/\/support.e-trailer.nl\/de\/wp-json\/wp\/v2\/pages\/9395","targetHints":{"allow":["GET"]}}],"collection":[{"href":"https:\/\/support.e-trailer.nl\/de\/wp-json\/wp\/v2\/pages"}],"about":[{"href":"https:\/\/support.e-trailer.nl\/de\/wp-json\/wp\/v2\/types\/page"}],"author":[{"embeddable":true,"href":"https:\/\/support.e-trailer.nl\/de\/wp-json\/wp\/v2\/users\/1"}],"replies":[{"embeddable":true,"href":"https:\/\/support.e-trailer.nl\/de\/wp-json\/wp\/v2\/comments?post=9395"}],"version-history":[{"count":5,"href":"https:\/\/support.e-trailer.nl\/de\/wp-json\/wp\/v2\/pages\/9395\/revisions"}],"predecessor-version":[{"id":13986,"href":"https:\/\/support.e-trailer.nl\/de\/wp-json\/wp\/v2\/pages\/9395\/revisions\/13986"}],"up":[{"embeddable":true,"href":"https:\/\/support.e-trailer.nl\/de\/wp-json\/wp\/v2\/pages\/9375"}],"wp:attachment":[{"href":"https:\/\/support.e-trailer.nl\/de\/wp-json\/wp\/v2\/media?parent=9395"}],"curies":[{"name":"wp","href":"https:\/\/api.w.org\/{rel}","templated":true}]}}