{"id":9414,"date":"2022-02-04T12:21:59","date_gmt":"2022-02-04T12:21:59","guid":{"rendered":"https:\/\/support.e-trailer.nl\/sonstige\/overig-unterstuetzung\/"},"modified":"2024-03-14T13:26:32","modified_gmt":"2024-03-14T13:26:32","slug":"sonstige-unterstuetzung","status":"publish","type":"page","link":"https:\/\/support.e-trailer.nl\/de\/sonstige\/sonstige-unterstuetzung\/","title":{"rendered":"Sonstige Unterst\u00fctzung"},"content":{"rendered":"\t\t<div data-elementor-type=\"wp-page\" data-elementor-id=\"9414\" class=\"elementor elementor-9414 elementor-3287\" data-elementor-post-type=\"page\">\n\t\t\t\t\t\t<section class=\"elementor-section elementor-top-section elementor-element elementor-element-303b6f8f elementor-section-full_width elementor-section-height-default elementor-section-height-default\" data-id=\"303b6f8f\" data-element_type=\"section\" data-settings=\"{&quot;background_background&quot;:&quot;classic&quot;}\">\n\t\t\t\t\t\t<div class=\"elementor-container elementor-column-gap-default\">\n\t\t\t\t\t<div class=\"elementor-column elementor-col-50 elementor-top-column elementor-element elementor-element-4291989b\" data-id=\"4291989b\" data-element_type=\"column\">\n\t\t\t<div class=\"elementor-widget-wrap elementor-element-populated\">\n\t\t\t\t\t\t<div class=\"elementor-element elementor-element-2865c9f4 elementor-widget elementor-widget-image\" data-id=\"2865c9f4\" data-element_type=\"widget\" data-widget_type=\"image.default\">\n\t\t\t\t<div class=\"elementor-widget-container\">\n\t\t\t\t\t\t\t\t\t\t\t\t\t\t\t<img decoding=\"async\" src=\"https:\/\/support.e-trailer.nl\/wp-content\/uploads\/elementor\/thumbs\/E-extra-zwart-1-p953uks5m20a1a1va2eesi0uwpkc4j8fx1prrmx428.png\" title=\"E-extra-zwart\" alt=\"E-extra-zwart\" loading=\"lazy\" \/>\t\t\t\t\t\t\t\t\t\t\t\t\t\t\t<\/div>\n\t\t\t\t<\/div>\n\t\t\t\t\t<\/div>\n\t\t<\/div>\n\t\t\t\t<div class=\"elementor-column elementor-col-50 elementor-top-column elementor-element elementor-element-2f85ae50\" data-id=\"2f85ae50\" data-element_type=\"column\">\n\t\t\t<div class=\"elementor-widget-wrap elementor-element-populated\">\n\t\t\t\t\t\t<div class=\"elementor-element elementor-element-1fd634b6 elementor-widget elementor-widget-heading\" data-id=\"1fd634b6\" data-element_type=\"widget\" data-widget_type=\"heading.default\">\n\t\t\t\t<div class=\"elementor-widget-container\">\n\t\t\t\t\t<h2 class=\"elementor-heading-title elementor-size-default\">Overig<\/h2>\t\t\t\t<\/div>\n\t\t\t\t<\/div>\n\t\t\t\t<div class=\"elementor-element elementor-element-2913c9bf elementor-widget elementor-widget-text-editor\" data-id=\"2913c9bf\" data-element_type=\"widget\" data-widget_type=\"text-editor.default\">\n\t\t\t\t<div class=\"elementor-widget-container\">\n\t\t\t\t\t\t\t\t\t<p><a href=\"https:\/\/support.e-trailer.nl\/de\/\"><span style=\"text-decoration: underline;\">Anderes Produkt<\/span><\/a><\/p>\n\t\t\t\t\t\t\t\t<\/div>\n\t\t\t\t<\/div>\n\t\t\t\t<div class=\"elementor-element elementor-element-1d3bfb3c elementor-widget elementor-widget-breadcrumbs\" data-id=\"1d3bfb3c\" data-element_type=\"widget\" data-widget_type=\"breadcrumbs.default\">\n\t\t\t\t<div class=\"elementor-widget-container\">\n\t\t\t\t\t<p id=\"breadcrumbs\"><span><span><a href=\"https:\/\/support.e-trailer.nl\/de\/startseite\/\">Home<\/a><\/span><\/span><\/p>\t\t\t\t<\/div>\n\t\t\t\t<\/div>\n\t\t\t\t\t<\/div>\n\t\t<\/div>\n\t\t\t\t\t<\/div>\n\t\t<\/section>\n\t\t\t\t<section class=\"elementor-section elementor-top-section elementor-element elementor-element-11b18c3 elementor-section-full_width elementor-section-height-default elementor-section-height-default\" data-id=\"11b18c3\" data-element_type=\"section\">\n\t\t\t\t\t\t<div class=\"elementor-container elementor-column-gap-default\">\n\t\t\t\t\t<div class=\"elementor-column elementor-col-33 elementor-top-column elementor-element elementor-element-a88ef7a\" data-id=\"a88ef7a\" data-element_type=\"column\">\n\t\t\t<div class=\"elementor-widget-wrap elementor-element-populated\">\n\t\t\t\t\t\t<div class=\"elementor-element elementor-element-cf6d0f8 elementor-nav-menu__align-start elementor-nav-menu--dropdown-tablet elementor-nav-menu__text-align-aside elementor-nav-menu--toggle elementor-nav-menu--burger elementor-widget elementor-widget-nav-menu\" data-id=\"cf6d0f8\" data-element_type=\"widget\" data-settings=\"{&quot;layout&quot;:&quot;vertical&quot;,&quot;submenu_icon&quot;:{&quot;value&quot;:&quot;&lt;i class=\\&quot;fas fa-caret-down\\&quot;&gt;&lt;\\\/i&gt;&quot;,&quot;library&quot;:&quot;fa-solid&quot;},&quot;toggle&quot;:&quot;burger&quot;}\" data-widget_type=\"nav-menu.default\">\n\t\t\t\t<div class=\"elementor-widget-container\">\n\t\t\t\t\t\t\t\t<nav aria-label=\"Men\u00fc\" class=\"elementor-nav-menu--main elementor-nav-menu__container elementor-nav-menu--layout-vertical e--pointer-background e--animation-fade\">\n\t\t\t\t<ul id=\"menu-1-cf6d0f8\" class=\"elementor-nav-menu sm-vertical\"><li class=\"menu-item menu-item-type-post_type menu-item-object-page menu-item-9450\"><a href=\"https:\/\/support.e-trailer.nl\/de\/sonstige\/sonstige-unterstuetzung\/\" class=\"elementor-item menu-link\">Unterst\u00fctzung<\/a><\/li>\n<li class=\"menu-item menu-item-type-post_type menu-item-object-page menu-item-9455\"><a href=\"https:\/\/support.e-trailer.nl\/de\/sonstige\/sonstige-unterstuetzung\/sonstige-app\/\" class=\"elementor-item menu-link\">App<\/a><\/li>\n<li class=\"menu-item menu-item-type-post_type menu-item-object-page menu-item-10290\"><a href=\"https:\/\/support.e-trailer.nl\/de\/sonstige\/sonstige-unterstuetzung\/sonstige-versionsnummern\/\" class=\"elementor-item menu-link\">Software Version<\/a><\/li>\n<li class=\"menu-item menu-item-type-post_type menu-item-object-page menu-item-9454\"><a href=\"https:\/\/support.e-trailer.nl\/de\/sonstige\/sonstige-unterstuetzung\/sonstige-konto\/\" class=\"elementor-item menu-link\">Konto<\/a><\/li>\n<li class=\"menu-item menu-item-type-post_type menu-item-object-page menu-item-9453\"><a href=\"https:\/\/support.e-trailer.nl\/de\/sonstige\/sonstige-unterstuetzung\/sonstige-trennen\/\" class=\"elementor-item menu-link\">Trennen<\/a><\/li>\n<li class=\"menu-item menu-item-type-post_type menu-item-object-page menu-item-9452\"><a href=\"https:\/\/support.e-trailer.nl\/de\/sonstige\/sonstige-unterstuetzung\/sonstige-verkauf\/\" class=\"elementor-item menu-link\">Kauf &#038; Verkauf<\/a><\/li>\n<li class=\"menu-item menu-item-type-post_type menu-item-object-page menu-item-9451\"><a href=\"https:\/\/support.e-trailer.nl\/de\/sonstige\/sonstige-unterstuetzung\/sonstige-mehr\/\" class=\"elementor-item menu-link\">Mehr\u2026<\/a><\/li>\n<\/ul>\t\t\t<\/nav>\n\t\t\t\t\t<div class=\"elementor-menu-toggle\" role=\"button\" tabindex=\"0\" aria-label=\"Men\u00fc Umschalter\" aria-expanded=\"false\">\n\t\t\t<i aria-hidden=\"true\" role=\"presentation\" class=\"elementor-menu-toggle__icon--open eicon-menu-bar\"><\/i><i aria-hidden=\"true\" role=\"presentation\" class=\"elementor-menu-toggle__icon--close eicon-close\"><\/i>\t\t<\/div>\n\t\t\t\t\t<nav class=\"elementor-nav-menu--dropdown elementor-nav-menu__container\" aria-hidden=\"true\">\n\t\t\t\t<ul id=\"menu-2-cf6d0f8\" class=\"elementor-nav-menu sm-vertical\"><li class=\"menu-item menu-item-type-post_type menu-item-object-page menu-item-9450\"><a href=\"https:\/\/support.e-trailer.nl\/de\/sonstige\/sonstige-unterstuetzung\/\" class=\"elementor-item menu-link\" tabindex=\"-1\">Unterst\u00fctzung<\/a><\/li>\n<li class=\"menu-item menu-item-type-post_type menu-item-object-page menu-item-9455\"><a href=\"https:\/\/support.e-trailer.nl\/de\/sonstige\/sonstige-unterstuetzung\/sonstige-app\/\" class=\"elementor-item menu-link\" tabindex=\"-1\">App<\/a><\/li>\n<li class=\"menu-item menu-item-type-post_type menu-item-object-page menu-item-10290\"><a href=\"https:\/\/support.e-trailer.nl\/de\/sonstige\/sonstige-unterstuetzung\/sonstige-versionsnummern\/\" class=\"elementor-item menu-link\" tabindex=\"-1\">Software Version<\/a><\/li>\n<li class=\"menu-item menu-item-type-post_type menu-item-object-page menu-item-9454\"><a href=\"https:\/\/support.e-trailer.nl\/de\/sonstige\/sonstige-unterstuetzung\/sonstige-konto\/\" class=\"elementor-item menu-link\" tabindex=\"-1\">Konto<\/a><\/li>\n<li class=\"menu-item menu-item-type-post_type menu-item-object-page menu-item-9453\"><a href=\"https:\/\/support.e-trailer.nl\/de\/sonstige\/sonstige-unterstuetzung\/sonstige-trennen\/\" class=\"elementor-item menu-link\" tabindex=\"-1\">Trennen<\/a><\/li>\n<li class=\"menu-item menu-item-type-post_type menu-item-object-page menu-item-9452\"><a href=\"https:\/\/support.e-trailer.nl\/de\/sonstige\/sonstige-unterstuetzung\/sonstige-verkauf\/\" class=\"elementor-item menu-link\" tabindex=\"-1\">Kauf &#038; Verkauf<\/a><\/li>\n<li class=\"menu-item menu-item-type-post_type menu-item-object-page menu-item-9451\"><a href=\"https:\/\/support.e-trailer.nl\/de\/sonstige\/sonstige-unterstuetzung\/sonstige-mehr\/\" class=\"elementor-item menu-link\" tabindex=\"-1\">Mehr\u2026<\/a><\/li>\n<\/ul>\t\t\t<\/nav>\n\t\t\t\t\t\t<\/div>\n\t\t\t\t<\/div>\n\t\t\t\t\t<\/div>\n\t\t<\/div>\n\t\t\t\t<div class=\"elementor-column elementor-col-66 elementor-top-column elementor-element elementor-element-69ab57a\" data-id=\"69ab57a\" data-element_type=\"column\">\n\t\t\t<div class=\"elementor-widget-wrap elementor-element-populated\">\n\t\t\t\t\t\t<div class=\"elementor-element elementor-element-ba52544 elementor-widget elementor-widget-text-editor\" data-id=\"ba52544\" data-element_type=\"widget\" data-widget_type=\"text-editor.default\">\n\t\t\t\t<div class=\"elementor-widget-container\">\n\t\t\t\t\t\t\t\t\t<h2>Sonstige Fragen<\/h2>\n<p>Wenn sich Ihre Frage nicht speziell auf ein Produkt bezieht, finden Sie hier vielleicht die Antwort, nach der Sie suchen. Klicken Sie auf eines der Themen im Men\u00fc oder w\u00e4hlen Sie eine der unten stehenden Optionen:<\/p>\n<h4>App<\/h4>\n<ul>\n<li><a href=\"https:\/\/support.e-trailer.nl\/de\/sonstige\/sonstige-unterstuetzung\/sonstige-app\/#reset\">Die App funktioniert nicht richtig<\/a><\/li>\n<li><a href=\"https:\/\/support.e-trailer.nl\/de\/sonstige\/sonstige-unterstuetzung\/sonstige-app\/\">Woher wei\u00df ich, ob ein Update f\u00fcr die App verf\u00fcgbar ist<\/a><\/li>\n<li><a href=\"https:\/\/support.e-trailer.nl\/e-connect\/e-connect-help\/e-connect-monteren-installeren\/#koppelen\">Wie man das System verbindet<\/a><\/li>\n<li><a href=\"https:\/\/support.e-trailer.nl\/de\/sonstige\/sonstige-unterstuetzung\/sonstige-versionsnummern\/\">Versionsnummern der Software pr\u00fcfen<\/a><\/li>\n<\/ul>\n<h4>Konto<\/h4>\n<ul>\n<li><a href=\"https:\/\/support.e-trailer.nl\/de\/sonstige\/sonstige-unterstuetzung\/sonstige-konto\/\">Wie man sich in der App registriert<\/a><\/li>\n<li><a href=\"https:\/\/support.e-trailer.nl\/de\/sonstige\/sonstige-unterstuetzung\/sonstige-konto\/#vragen\">Ich kann mich nicht an meinen Benutzernamen erinnern<\/a><\/li>\n<li><a href=\"https:\/\/support.e-trailer.nl\/de\/sonstige\/sonstige-unterstuetzung\/sonstige-konto\/#vragen\">Ich kann mich nicht an mein Passwort erinnern<\/a><\/li>\n<li><a href=\"https:\/\/support.e-trailer.nl\/de\/haeufig-gestellte-fragen\/#Overig\">Ich bin auf der Suche nach den QR-Codes meiner Module<\/a><\/li>\n<li><a href=\"https:\/\/support.e-trailer.nl\/de\/sonstige\/sonstige-unterstuetzung\/sonstige-verkauf\/\">System beim Verkauf aus meinem Konto entfernen<\/a><\/li>\n<li><a href=\"https:\/\/support.e-trailer.nl\/de\/sonstige\/sonstige-unterstuetzung\/sonstige-verkauf\/\">System\u00fcbertragung bei (Ver)Kauf aus zweiter Hand<\/a><\/li>\n<\/ul>\n<h4>Einstellungen<\/h4>\n<ul>\n<li><a href=\"https:\/\/support.e-trailer.nl\/de\/sonstige\/sonstige-unterstuetzung\/sonstige-app\/#instellingen\">Ein- und Ausschalten von Benachrichtigungen<\/a><\/li>\n<li><a style=\"font-style: inherit; font-family: var( --e-global-typography-text-font-family ), Sans-serif; background-color: #ffffff;\" href=\"https:\/\/support.e-trailer.nl\/de\/sonstige\/sonstige-unterstuetzung\/sonstige-app\/#instellingen\">Anpassen der Sprachpr\u00e4ferenz<\/a><\/li>\n<li><a href=\"https:\/\/support.e-trailer.nl\/de\/sonstige\/sonstige-unterstuetzung\/sonstige-app\/#instellingen\">Bildschirm geht immer in den Ruhezustand<\/a><\/li>\n<\/ul>\n<h4>Probleme mit Ihrem System?<\/h4>\n<ul>\n<li><a href=\"https:\/\/support.e-trailer.nl\/de\/sonstige\/sonstige-unterstuetzung\/sonstige-versionsnummern\/\">Aktuelle Versionsnummern von Software und App<\/a><\/li>\n<li><a href=\"https:\/\/support.e-trailer.nl\/de\/sonstige\/sonstige-unterstuetzung\/sonstige-app\/#feedback\">Feedback aus der App senden<\/a><\/li>\n<li><a href=\"https:\/\/support.e-trailer.nl\/de\/sonstige\/sonstige-unterstuetzung\/sonstige-trennen\/\">Modul aus der Anwendung entfernen<\/a><\/li>\n<li><a href=\"https:\/\/support.e-trailer.nl\/de\/sonstige\/sonstige-unterstuetzung\/sonstige-trennen\/#verloren\">Ich habe ein Modul verloren<\/a><\/li>\n<li><a href=\"https:\/\/support.e-trailer.nl\/de\/haeufig-gestellte-fragen\/\">Andere h\u00e4ufig gestellte Fragen<\/a><\/li>\n<\/ul>\n<p>Wenn Ihre Fragen hier nicht beantwortet werden, nehmen Sie bitte <a href=\"https:\/\/support.e-trailer.nl\/de\/contact\/\">Kontakt<\/a> mit uns auf.<\/p>\n\t\t\t\t\t\t\t\t<\/div>\n\t\t\t\t<\/div>\n\t\t\t\t\t<\/div>\n\t\t<\/div>\n\t\t\t\t\t<\/div>\n\t\t<\/section>\n\t\t\t\t<\/div>\n\t\t","protected":false},"excerpt":{"rendered":"<p>Overig Anderes Produkt Sonstige Fragen Wenn sich Ihre Frage nicht speziell auf ein Produkt bezieht, finden Sie hier vielleicht die Antwort, nach der Sie suchen. Klicken Sie auf eines der Themen im Men\u00fc oder w\u00e4hlen Sie eine der unten stehenden Optionen: App Die App funktioniert nicht richtig Woher wei\u00df ich, ob ein Update f\u00fcr die [&hellip;]<\/p>\n","protected":false},"author":1,"featured_media":0,"parent":9409,"menu_order":0,"comment_status":"closed","ping_status":"closed","template":"","meta":{"site-sidebar-layout":"no-sidebar","site-content-layout":"page-builder","ast-site-content-layout":"","site-content-style":"default","site-sidebar-style":"default","ast-global-header-display":"","ast-banner-title-visibility":"","ast-main-header-display":"","ast-hfb-above-header-display":"","ast-hfb-below-header-display":"","ast-hfb-mobile-header-display":"","site-post-title":"disabled","ast-breadcrumbs-content":"","ast-featured-img":"disabled","footer-sml-layout":"","theme-transparent-header-meta":"default","adv-header-id-meta":"","stick-header-meta":"","header-above-stick-meta":"","header-main-stick-meta":"","header-below-stick-meta":"","astra-migrate-meta-layouts":"default","ast-page-background-enabled":"default","ast-page-background-meta":{"desktop":{"background-color":"","background-image":"","background-repeat":"repeat","background-position":"center center","background-size":"auto","background-attachment":"scroll","background-type":"","background-media":"","overlay-type":"","overlay-color":"","overlay-opacity":"","overlay-gradient":""},"tablet":{"background-color":"","background-image":"","background-repeat":"repeat","background-position":"center center","background-size":"auto","background-attachment":"scroll","background-type":"","background-media":"","overlay-type":"","overlay-color":"","overlay-opacity":"","overlay-gradient":""},"mobile":{"background-color":"","background-image":"","background-repeat":"repeat","background-position":"center center","background-size":"auto","background-attachment":"scroll","background-type":"","background-media":"","overlay-type":"","overlay-color":"","overlay-opacity":"","overlay-gradient":""}},"ast-content-background-meta":{"desktop":{"background-color":"var(--ast-global-color-5)","background-image":"","background-repeat":"repeat","background-position":"center center","background-size":"auto","background-attachment":"scroll","background-type":"","background-media":"","overlay-type":"","overlay-color":"","overlay-opacity":"","overlay-gradient":""},"tablet":{"background-color":"var(--ast-global-color-5)","background-image":"","background-repeat":"repeat","background-position":"center center","background-size":"auto","background-attachment":"scroll","background-type":"","background-media":"","overlay-type":"","overlay-color":"","overlay-opacity":"","overlay-gradient":""},"mobile":{"background-color":"var(--ast-global-color-5)","background-image":"","background-repeat":"repeat","background-position":"center center","background-size":"auto","background-attachment":"scroll","background-type":"","background-media":"","overlay-type":"","overlay-color":"","overlay-opacity":"","overlay-gradient":""}},"footnotes":""},"class_list":["post-9414","page","type-page","status-publish","hentry"],"yoast_head":"<!-- This site is optimized with the Yoast SEO plugin v24.6 - https:\/\/yoast.com\/wordpress\/plugins\/seo\/ -->\n<title>Sonstige Unterst\u00fctzung - Support<\/title>\n<meta name=\"robots\" content=\"index, follow, max-snippet:-1, max-image-preview:large, max-video-preview:-1\" \/>\n<link rel=\"canonical\" href=\"https:\/\/support.e-trailer.nl\/de\/sonstige\/sonstige-unterstuetzung\/\" \/>\n<meta property=\"og:locale\" content=\"de_DE\" \/>\n<meta property=\"og:type\" content=\"article\" \/>\n<meta property=\"og:title\" content=\"Sonstige Unterst\u00fctzung - Support\" \/>\n<meta property=\"og:description\" content=\"Overig Anderes Produkt Sonstige Fragen Wenn sich Ihre Frage nicht speziell auf ein Produkt bezieht, finden Sie hier vielleicht die Antwort, nach der Sie suchen. Klicken Sie auf eines der Themen im Men\u00fc oder w\u00e4hlen Sie eine der unten stehenden Optionen: App Die App funktioniert nicht richtig Woher wei\u00df ich, ob ein Update f\u00fcr die [&hellip;]\" \/>\n<meta property=\"og:url\" content=\"https:\/\/support.e-trailer.nl\/de\/sonstige\/sonstige-unterstuetzung\/\" \/>\n<meta property=\"og:site_name\" content=\"Support\" \/>\n<meta property=\"article:modified_time\" content=\"2024-03-14T13:26:32+00:00\" \/>\n<meta property=\"og:image\" content=\"https:\/\/support.e-trailer.nl\/wp-content\/uploads\/elementor\/thumbs\/E-extra-zwart-1-p953uks5m20a1a1va2eesi0uwpkc4j8fx1prrmx428.png\" \/>\n<meta name=\"twitter:card\" content=\"summary_large_image\" \/>\n<meta name=\"twitter:label1\" content=\"Gesch\u00e4tzte Lesezeit\" \/>\n\t<meta name=\"twitter:data1\" content=\"1\u00a0Minute\" \/>\n<script type=\"application\/ld+json\" class=\"yoast-schema-graph\">{\"@context\":\"https:\/\/schema.org\",\"@graph\":[{\"@type\":\"WebPage\",\"@id\":\"https:\/\/support.e-trailer.nl\/de\/sonstige\/sonstige-unterstuetzung\/\",\"url\":\"https:\/\/support.e-trailer.nl\/de\/sonstige\/sonstige-unterstuetzung\/\",\"name\":\"Sonstige Unterst\u00fctzung - Support\",\"isPartOf\":{\"@id\":\"https:\/\/support.e-trailer.nl\/de\/#website\"},\"primaryImageOfPage\":{\"@id\":\"https:\/\/support.e-trailer.nl\/de\/sonstige\/sonstige-unterstuetzung\/#primaryimage\"},\"image\":{\"@id\":\"https:\/\/support.e-trailer.nl\/de\/sonstige\/sonstige-unterstuetzung\/#primaryimage\"},\"thumbnailUrl\":\"https:\/\/support.e-trailer.nl\/wp-content\/uploads\/elementor\/thumbs\/E-extra-zwart-1-p953uks5m20a1a1va2eesi0uwpkc4j8fx1prrmx428.png\",\"datePublished\":\"2022-02-04T12:21:59+00:00\",\"dateModified\":\"2024-03-14T13:26:32+00:00\",\"breadcrumb\":{\"@id\":\"https:\/\/support.e-trailer.nl\/de\/sonstige\/sonstige-unterstuetzung\/#breadcrumb\"},\"inLanguage\":\"de\",\"potentialAction\":[{\"@type\":\"ReadAction\",\"target\":[\"https:\/\/support.e-trailer.nl\/de\/sonstige\/sonstige-unterstuetzung\/\"]}]},{\"@type\":\"ImageObject\",\"inLanguage\":\"de\",\"@id\":\"https:\/\/support.e-trailer.nl\/de\/sonstige\/sonstige-unterstuetzung\/#primaryimage\",\"url\":\"https:\/\/support.e-trailer.nl\/wp-content\/uploads\/elementor\/thumbs\/E-extra-zwart-1-p953uks5m20a1a1va2eesi0uwpkc4j8fx1prrmx428.png\",\"contentUrl\":\"https:\/\/support.e-trailer.nl\/wp-content\/uploads\/elementor\/thumbs\/E-extra-zwart-1-p953uks5m20a1a1va2eesi0uwpkc4j8fx1prrmx428.png\"},{\"@type\":\"BreadcrumbList\",\"@id\":\"https:\/\/support.e-trailer.nl\/de\/sonstige\/sonstige-unterstuetzung\/#breadcrumb\",\"itemListElement\":[{\"@type\":\"ListItem\",\"position\":1,\"name\":\"Home\",\"item\":\"https:\/\/support.e-trailer.nl\/de\/startseite\/\"},{\"@type\":\"ListItem\",\"position\":2,\"name\":\"Sonstige\",\"item\":\"https:\/\/support.e-trailer.nl\/de\/sonstige\/\"},{\"@type\":\"ListItem\",\"position\":3,\"name\":\"Sonstige Unterst\u00fctzung\"}]},{\"@type\":\"WebSite\",\"@id\":\"https:\/\/support.e-trailer.nl\/de\/#website\",\"url\":\"https:\/\/support.e-trailer.nl\/de\/\",\"name\":\"Support\",\"description\":\"Ondersteuning van de E-Trailer producten\",\"publisher\":{\"@id\":\"https:\/\/support.e-trailer.nl\/de\/#organization\"},\"potentialAction\":[{\"@type\":\"SearchAction\",\"target\":{\"@type\":\"EntryPoint\",\"urlTemplate\":\"https:\/\/support.e-trailer.nl\/de\/?s={search_term_string}\"},\"query-input\":{\"@type\":\"PropertyValueSpecification\",\"valueRequired\":true,\"valueName\":\"search_term_string\"}}],\"inLanguage\":\"de\"},{\"@type\":\"Organization\",\"@id\":\"https:\/\/support.e-trailer.nl\/de\/#organization\",\"name\":\"Support\",\"url\":\"https:\/\/support.e-trailer.nl\/de\/\",\"logo\":{\"@type\":\"ImageObject\",\"inLanguage\":\"de\",\"@id\":\"https:\/\/support.e-trailer.nl\/de\/#\/schema\/logo\/image\/\",\"url\":\"https:\/\/support.e-trailer.nl\/wp-content\/uploads\/2021\/04\/cropped-Horizontal_logo_grey.png\",\"contentUrl\":\"https:\/\/support.e-trailer.nl\/wp-content\/uploads\/2021\/04\/cropped-Horizontal_logo_grey.png\",\"width\":1022,\"height\":328,\"caption\":\"Support\"},\"image\":{\"@id\":\"https:\/\/support.e-trailer.nl\/de\/#\/schema\/logo\/image\/\"}}]}<\/script>\n<!-- \/ Yoast SEO plugin. -->","yoast_head_json":{"title":"Sonstige Unterst\u00fctzung - Support","robots":{"index":"index","follow":"follow","max-snippet":"max-snippet:-1","max-image-preview":"max-image-preview:large","max-video-preview":"max-video-preview:-1"},"canonical":"https:\/\/support.e-trailer.nl\/de\/sonstige\/sonstige-unterstuetzung\/","og_locale":"de_DE","og_type":"article","og_title":"Sonstige Unterst\u00fctzung - Support","og_description":"Overig Anderes Produkt Sonstige Fragen Wenn sich Ihre Frage nicht speziell auf ein Produkt bezieht, finden Sie hier vielleicht die Antwort, nach der Sie suchen. Klicken Sie auf eines der Themen im Men\u00fc oder w\u00e4hlen Sie eine der unten stehenden Optionen: App Die App funktioniert nicht richtig Woher wei\u00df ich, ob ein Update f\u00fcr die [&hellip;]","og_url":"https:\/\/support.e-trailer.nl\/de\/sonstige\/sonstige-unterstuetzung\/","og_site_name":"Support","article_modified_time":"2024-03-14T13:26:32+00:00","og_image":[{"url":"https:\/\/support.e-trailer.nl\/wp-content\/uploads\/elementor\/thumbs\/E-extra-zwart-1-p953uks5m20a1a1va2eesi0uwpkc4j8fx1prrmx428.png","type":"","width":"","height":""}],"twitter_card":"summary_large_image","twitter_misc":{"Gesch\u00e4tzte Lesezeit":"1\u00a0Minute"},"schema":{"@context":"https:\/\/schema.org","@graph":[{"@type":"WebPage","@id":"https:\/\/support.e-trailer.nl\/de\/sonstige\/sonstige-unterstuetzung\/","url":"https:\/\/support.e-trailer.nl\/de\/sonstige\/sonstige-unterstuetzung\/","name":"Sonstige Unterst\u00fctzung - Support","isPartOf":{"@id":"https:\/\/support.e-trailer.nl\/de\/#website"},"primaryImageOfPage":{"@id":"https:\/\/support.e-trailer.nl\/de\/sonstige\/sonstige-unterstuetzung\/#primaryimage"},"image":{"@id":"https:\/\/support.e-trailer.nl\/de\/sonstige\/sonstige-unterstuetzung\/#primaryimage"},"thumbnailUrl":"https:\/\/support.e-trailer.nl\/wp-content\/uploads\/elementor\/thumbs\/E-extra-zwart-1-p953uks5m20a1a1va2eesi0uwpkc4j8fx1prrmx428.png","datePublished":"2022-02-04T12:21:59+00:00","dateModified":"2024-03-14T13:26:32+00:00","breadcrumb":{"@id":"https:\/\/support.e-trailer.nl\/de\/sonstige\/sonstige-unterstuetzung\/#breadcrumb"},"inLanguage":"de","potentialAction":[{"@type":"ReadAction","target":["https:\/\/support.e-trailer.nl\/de\/sonstige\/sonstige-unterstuetzung\/"]}]},{"@type":"ImageObject","inLanguage":"de","@id":"https:\/\/support.e-trailer.nl\/de\/sonstige\/sonstige-unterstuetzung\/#primaryimage","url":"https:\/\/support.e-trailer.nl\/wp-content\/uploads\/elementor\/thumbs\/E-extra-zwart-1-p953uks5m20a1a1va2eesi0uwpkc4j8fx1prrmx428.png","contentUrl":"https:\/\/support.e-trailer.nl\/wp-content\/uploads\/elementor\/thumbs\/E-extra-zwart-1-p953uks5m20a1a1va2eesi0uwpkc4j8fx1prrmx428.png"},{"@type":"BreadcrumbList","@id":"https:\/\/support.e-trailer.nl\/de\/sonstige\/sonstige-unterstuetzung\/#breadcrumb","itemListElement":[{"@type":"ListItem","position":1,"name":"Home","item":"https:\/\/support.e-trailer.nl\/de\/startseite\/"},{"@type":"ListItem","position":2,"name":"Sonstige","item":"https:\/\/support.e-trailer.nl\/de\/sonstige\/"},{"@type":"ListItem","position":3,"name":"Sonstige Unterst\u00fctzung"}]},{"@type":"WebSite","@id":"https:\/\/support.e-trailer.nl\/de\/#website","url":"https:\/\/support.e-trailer.nl\/de\/","name":"Support","description":"Ondersteuning van de E-Trailer producten","publisher":{"@id":"https:\/\/support.e-trailer.nl\/de\/#organization"},"potentialAction":[{"@type":"SearchAction","target":{"@type":"EntryPoint","urlTemplate":"https:\/\/support.e-trailer.nl\/de\/?s={search_term_string}"},"query-input":{"@type":"PropertyValueSpecification","valueRequired":true,"valueName":"search_term_string"}}],"inLanguage":"de"},{"@type":"Organization","@id":"https:\/\/support.e-trailer.nl\/de\/#organization","name":"Support","url":"https:\/\/support.e-trailer.nl\/de\/","logo":{"@type":"ImageObject","inLanguage":"de","@id":"https:\/\/support.e-trailer.nl\/de\/#\/schema\/logo\/image\/","url":"https:\/\/support.e-trailer.nl\/wp-content\/uploads\/2021\/04\/cropped-Horizontal_logo_grey.png","contentUrl":"https:\/\/support.e-trailer.nl\/wp-content\/uploads\/2021\/04\/cropped-Horizontal_logo_grey.png","width":1022,"height":328,"caption":"Support"},"image":{"@id":"https:\/\/support.e-trailer.nl\/de\/#\/schema\/logo\/image\/"}}]}},"_links":{"self":[{"href":"https:\/\/support.e-trailer.nl\/de\/wp-json\/wp\/v2\/pages\/9414","targetHints":{"allow":["GET"]}}],"collection":[{"href":"https:\/\/support.e-trailer.nl\/de\/wp-json\/wp\/v2\/pages"}],"about":[{"href":"https:\/\/support.e-trailer.nl\/de\/wp-json\/wp\/v2\/types\/page"}],"author":[{"embeddable":true,"href":"https:\/\/support.e-trailer.nl\/de\/wp-json\/wp\/v2\/users\/1"}],"replies":[{"embeddable":true,"href":"https:\/\/support.e-trailer.nl\/de\/wp-json\/wp\/v2\/comments?post=9414"}],"version-history":[{"count":16,"href":"https:\/\/support.e-trailer.nl\/de\/wp-json\/wp\/v2\/pages\/9414\/revisions"}],"predecessor-version":[{"id":16497,"href":"https:\/\/support.e-trailer.nl\/de\/wp-json\/wp\/v2\/pages\/9414\/revisions\/16497"}],"up":[{"embeddable":true,"href":"https:\/\/support.e-trailer.nl\/de\/wp-json\/wp\/v2\/pages\/9409"}],"wp:attachment":[{"href":"https:\/\/support.e-trailer.nl\/de\/wp-json\/wp\/v2\/media?parent=9414"}],"curies":[{"name":"wp","href":"https:\/\/api.w.org\/{rel}","templated":true}]}}