{"id":15263,"date":"2024-01-12T12:51:23","date_gmt":"2024-01-12T12:51:23","guid":{"rendered":"https:\/\/support.e-trailer.nl\/autres\/autre-soutien\/"},"modified":"2024-03-14T13:26:45","modified_gmt":"2024-03-14T13:26:45","slug":"autre-soutien","status":"publish","type":"page","link":"https:\/\/support.e-trailer.nl\/fr\/autres\/autre-soutien\/","title":{"rendered":"Autre soutien"},"content":{"rendered":"\t\t<div data-elementor-type=\"wp-page\" data-elementor-id=\"15263\" class=\"elementor elementor-15263 elementor-3287\" data-elementor-post-type=\"page\">\n\t\t\t\t\t\t<section class=\"elementor-section elementor-top-section elementor-element elementor-element-303b6f8f elementor-section-full_width elementor-section-height-default elementor-section-height-default\" data-id=\"303b6f8f\" data-element_type=\"section\" data-settings=\"{&quot;background_background&quot;:&quot;classic&quot;}\">\n\t\t\t\t\t\t<div class=\"elementor-container elementor-column-gap-default\">\n\t\t\t\t\t<div class=\"elementor-column elementor-col-50 elementor-top-column elementor-element elementor-element-4291989b\" data-id=\"4291989b\" data-element_type=\"column\">\n\t\t\t<div class=\"elementor-widget-wrap elementor-element-populated\">\n\t\t\t\t\t\t<div class=\"elementor-element elementor-element-2865c9f4 elementor-widget elementor-widget-image\" data-id=\"2865c9f4\" data-element_type=\"widget\" data-widget_type=\"image.default\">\n\t\t\t\t<div class=\"elementor-widget-container\">\n\t\t\t\t\t\t\t\t\t\t\t\t\t\t\t<img decoding=\"async\" src=\"https:\/\/support.e-trailer.nl\/wp-content\/uploads\/elementor\/thumbs\/E-extra-zwart-1-p953uks5m20a1a1va2eesi0uwpkc4j8fx1prrmx428.png\" title=\"E-extra-zwart\" alt=\"E-extra-zwart\" loading=\"lazy\" \/>\t\t\t\t\t\t\t\t\t\t\t\t\t\t\t<\/div>\n\t\t\t\t<\/div>\n\t\t\t\t\t<\/div>\n\t\t<\/div>\n\t\t\t\t<div class=\"elementor-column elementor-col-50 elementor-top-column elementor-element elementor-element-2f85ae50\" data-id=\"2f85ae50\" data-element_type=\"column\">\n\t\t\t<div class=\"elementor-widget-wrap elementor-element-populated\">\n\t\t\t\t\t\t<div class=\"elementor-element elementor-element-1fd634b6 elementor-widget elementor-widget-heading\" data-id=\"1fd634b6\" data-element_type=\"widget\" data-widget_type=\"heading.default\">\n\t\t\t\t<div class=\"elementor-widget-container\">\n\t\t\t\t\t<h2 class=\"elementor-heading-title elementor-size-default\">Overig<\/h2>\t\t\t\t<\/div>\n\t\t\t\t<\/div>\n\t\t\t\t<div class=\"elementor-element elementor-element-2913c9bf elementor-widget elementor-widget-text-editor\" data-id=\"2913c9bf\" data-element_type=\"widget\" data-widget_type=\"text-editor.default\">\n\t\t\t\t<div class=\"elementor-widget-container\">\n\t\t\t\t\t\t\t\t\t<p><a href=\"https:\/\/support.e-trailer.nl\/fr\/\"><span style=\"text-decoration: underline;\">Autre produit<\/span><\/a><\/p>\n\t\t\t\t\t\t\t\t<\/div>\n\t\t\t\t<\/div>\n\t\t\t\t<div class=\"elementor-element elementor-element-1d3bfb3c elementor-widget elementor-widget-breadcrumbs\" data-id=\"1d3bfb3c\" data-element_type=\"widget\" data-widget_type=\"breadcrumbs.default\">\n\t\t\t\t<div class=\"elementor-widget-container\">\n\t\t\t\t\t<p id=\"breadcrumbs\"><span><span><a href=\"https:\/\/support.e-trailer.nl\/fr\/homepage\/\">Home<\/a><\/span><\/span><\/p>\t\t\t\t<\/div>\n\t\t\t\t<\/div>\n\t\t\t\t\t<\/div>\n\t\t<\/div>\n\t\t\t\t\t<\/div>\n\t\t<\/section>\n\t\t\t\t<section class=\"elementor-section elementor-top-section elementor-element elementor-element-11b18c3 elementor-section-full_width elementor-section-height-default elementor-section-height-default\" data-id=\"11b18c3\" data-element_type=\"section\">\n\t\t\t\t\t\t<div class=\"elementor-container elementor-column-gap-default\">\n\t\t\t\t\t<div class=\"elementor-column elementor-col-33 elementor-top-column elementor-element elementor-element-a88ef7a\" data-id=\"a88ef7a\" data-element_type=\"column\">\n\t\t\t<div class=\"elementor-widget-wrap elementor-element-populated\">\n\t\t\t\t\t\t<div class=\"elementor-element elementor-element-cf6d0f8 elementor-nav-menu__align-start elementor-nav-menu--dropdown-tablet elementor-nav-menu__text-align-aside elementor-nav-menu--toggle elementor-nav-menu--burger elementor-widget elementor-widget-nav-menu\" data-id=\"cf6d0f8\" data-element_type=\"widget\" data-settings=\"{&quot;layout&quot;:&quot;vertical&quot;,&quot;submenu_icon&quot;:{&quot;value&quot;:&quot;&lt;i class=\\&quot;fas fa-caret-down\\&quot;&gt;&lt;\\\/i&gt;&quot;,&quot;library&quot;:&quot;fa-solid&quot;},&quot;toggle&quot;:&quot;burger&quot;}\" data-widget_type=\"nav-menu.default\">\n\t\t\t\t<div class=\"elementor-widget-container\">\n\t\t\t\t\t\t\t\t<nav aria-label=\"Menu\" class=\"elementor-nav-menu--main elementor-nav-menu__container elementor-nav-menu--layout-vertical e--pointer-background e--animation-fade\">\n\t\t\t\t<ul id=\"menu-1-cf6d0f8\" class=\"elementor-nav-menu sm-vertical\"><li class=\"menu-item menu-item-type-post_type menu-item-object-page menu-item-15314\"><a href=\"https:\/\/support.e-trailer.nl\/fr\/autres\/autre-soutien\/\" class=\"elementor-item menu-link\">Soutien<\/a><\/li>\n<li class=\"menu-item menu-item-type-post_type menu-item-object-page menu-item-15319\"><a href=\"https:\/\/support.e-trailer.nl\/fr\/autres\/autre-soutien\/autre-application\/\" class=\"elementor-item menu-link\">Application<\/a><\/li>\n<li class=\"menu-item menu-item-type-post_type menu-item-object-page menu-item-15316\"><a href=\"https:\/\/support.e-trailer.nl\/fr\/autres\/autre-soutien\/autre-numeros-de-version\/\" class=\"elementor-item menu-link\">Num\u00e9ros de version<\/a><\/li>\n<li class=\"menu-item menu-item-type-post_type menu-item-object-page menu-item-15320\"><a href=\"https:\/\/support.e-trailer.nl\/fr\/autres\/autre-soutien\/autre-compte\/\" class=\"elementor-item menu-link\">Compte<\/a><\/li>\n<li class=\"menu-item menu-item-type-post_type menu-item-object-page menu-item-15317\"><a href=\"https:\/\/support.e-trailer.nl\/fr\/autres\/autre-soutien\/autre-deconnecter\/\" class=\"elementor-item menu-link\">D\u00e9connecter<\/a><\/li>\n<li class=\"menu-item menu-item-type-post_type menu-item-object-page menu-item-15315\"><a href=\"https:\/\/support.e-trailer.nl\/fr\/autres\/autre-soutien\/autre-ventes\/\" class=\"elementor-item menu-link\">Achat &#038; vente<\/a><\/li>\n<li class=\"menu-item menu-item-type-post_type menu-item-object-page menu-item-15318\"><a href=\"https:\/\/support.e-trailer.nl\/fr\/autres\/autre-soutien\/autre-plus\/\" class=\"elementor-item menu-link\">Plus&#8230;<\/a><\/li>\n<\/ul>\t\t\t<\/nav>\n\t\t\t\t\t<div class=\"elementor-menu-toggle\" role=\"button\" tabindex=\"0\" aria-label=\"Permuter le menu\" aria-expanded=\"false\">\n\t\t\t<i aria-hidden=\"true\" role=\"presentation\" class=\"elementor-menu-toggle__icon--open eicon-menu-bar\"><\/i><i aria-hidden=\"true\" role=\"presentation\" class=\"elementor-menu-toggle__icon--close eicon-close\"><\/i>\t\t<\/div>\n\t\t\t\t\t<nav class=\"elementor-nav-menu--dropdown elementor-nav-menu__container\" aria-hidden=\"true\">\n\t\t\t\t<ul id=\"menu-2-cf6d0f8\" class=\"elementor-nav-menu sm-vertical\"><li class=\"menu-item menu-item-type-post_type menu-item-object-page menu-item-15314\"><a href=\"https:\/\/support.e-trailer.nl\/fr\/autres\/autre-soutien\/\" class=\"elementor-item menu-link\" tabindex=\"-1\">Soutien<\/a><\/li>\n<li class=\"menu-item menu-item-type-post_type menu-item-object-page menu-item-15319\"><a href=\"https:\/\/support.e-trailer.nl\/fr\/autres\/autre-soutien\/autre-application\/\" class=\"elementor-item menu-link\" tabindex=\"-1\">Application<\/a><\/li>\n<li class=\"menu-item menu-item-type-post_type menu-item-object-page menu-item-15316\"><a href=\"https:\/\/support.e-trailer.nl\/fr\/autres\/autre-soutien\/autre-numeros-de-version\/\" class=\"elementor-item menu-link\" tabindex=\"-1\">Num\u00e9ros de version<\/a><\/li>\n<li class=\"menu-item menu-item-type-post_type menu-item-object-page menu-item-15320\"><a href=\"https:\/\/support.e-trailer.nl\/fr\/autres\/autre-soutien\/autre-compte\/\" class=\"elementor-item menu-link\" tabindex=\"-1\">Compte<\/a><\/li>\n<li class=\"menu-item menu-item-type-post_type menu-item-object-page menu-item-15317\"><a href=\"https:\/\/support.e-trailer.nl\/fr\/autres\/autre-soutien\/autre-deconnecter\/\" class=\"elementor-item menu-link\" tabindex=\"-1\">D\u00e9connecter<\/a><\/li>\n<li class=\"menu-item menu-item-type-post_type menu-item-object-page menu-item-15315\"><a href=\"https:\/\/support.e-trailer.nl\/fr\/autres\/autre-soutien\/autre-ventes\/\" class=\"elementor-item menu-link\" tabindex=\"-1\">Achat &#038; vente<\/a><\/li>\n<li class=\"menu-item menu-item-type-post_type menu-item-object-page menu-item-15318\"><a href=\"https:\/\/support.e-trailer.nl\/fr\/autres\/autre-soutien\/autre-plus\/\" class=\"elementor-item menu-link\" tabindex=\"-1\">Plus&#8230;<\/a><\/li>\n<\/ul>\t\t\t<\/nav>\n\t\t\t\t\t\t<\/div>\n\t\t\t\t<\/div>\n\t\t\t\t\t<\/div>\n\t\t<\/div>\n\t\t\t\t<div class=\"elementor-column elementor-col-66 elementor-top-column elementor-element elementor-element-69ab57a\" data-id=\"69ab57a\" data-element_type=\"column\">\n\t\t\t<div class=\"elementor-widget-wrap elementor-element-populated\">\n\t\t\t\t\t\t<div class=\"elementor-element elementor-element-ba52544 elementor-widget elementor-widget-text-editor\" data-id=\"ba52544\" data-element_type=\"widget\" data-widget_type=\"text-editor.default\">\n\t\t\t\t<div class=\"elementor-widget-container\">\n\t\t\t\t\t\t\t\t\t<h2>Autres questions<\/h2>\n<p>Si votre question ne porte pas sp\u00e9cifiquement sur un produit, vous trouverez peut-\u00eatre ici la r\u00e9ponse que vous recherchez. Cliquez sur l&rsquo;une des rubriques du menu ou s\u00e9lectionnez l&rsquo;une des options ci-dessous :<\/p>\n<h4>Application<\/h4>\n<ul>\n<li><a href=\"https:\/\/support.e-trailer.nl\/fr\/autres\/autre-soutien\/autre-application\/#reset\">L&rsquo;application ne fonctionne pas correctement<\/a><\/li>\n<li><a href=\"https:\/\/support.e-trailer.nl\/fr\/autres\/autre-soutien\/autre-application\/\">Comment savoir si une mise \u00e0 jour de l&rsquo;application est disponible<\/a><\/li>\n<li><a href=\"https:\/\/support.e-trailer.nl\/e-connect\/e-connect-help\/e-connect-monteren-installeren\/#koppelen\">Comment relier le syst\u00e8me<\/a><\/li>\n<li><a href=\"https:\/\/support.e-trailer.nl\/fr\/autres\/autre-soutien\/autre-numeros-de-version\/\">V\u00e9rification des num\u00e9ros de version des logiciels<\/a><\/li>\n<\/ul>\n<h4>Compte<\/h4>\n<ul>\n<li><a href=\"https:\/\/support.e-trailer.nl\/fr\/autres\/autre-soutien\/autre-compte\/\">Comment s&rsquo;inscrire dans l&rsquo;application<\/a><\/li>\n<li><a href=\"https:\/\/support.e-trailer.nl\/fr\/autres\/autre-soutien\/autre-compte\/#vragen\">Je ne me souviens pas de mon nom d&rsquo;utilisateur<\/a><\/li>\n<li><a href=\"https:\/\/support.e-trailer.nl\/fr\/autres\/autre-soutien\/autre-compte\/#vragen\">Je ne me souviens pas de mon mot de passe<\/a><\/li>\n<li><a href=\"https:\/\/support.e-trailer.nl\/fr\/forum-aux-questions\/#Overig\">Je cherche les codes QR de mes modules<\/a><\/li>\n<li><a href=\"https:\/\/support.e-trailer.nl\/fr\/autres\/autre-soutien\/autre-ventes\/\">Supprimer le syst\u00e8me de mon compte en vente<\/a><\/li>\n<li><a href=\"https:\/\/support.e-trailer.nl\/fr\/autres\/autre-soutien\/autre-ventes\/\">Transfert de syst\u00e8me pour les ventes\/achats d&rsquo;occasion<\/a><\/li>\n<\/ul>\n<h4>Param\u00e8tres<\/h4>\n<ul>\n<li><a href=\"https:\/\/support.e-trailer.nl\/fr\/autres\/autre-soutien\/autre-application\/#instellingen\">D\u00e9sactiver ou activer les notifications<\/a><\/li>\n<li><a style=\"font-style: inherit; font-family: var( --e-global-typography-text-font-family ), Sans-serif; background-color: #ffffff;\" href=\"https:\/\/support.e-trailer.nl\/fr\/autres\/autre-soutien\/autre-application\/#instellingen\">Personnaliser les pr\u00e9f\u00e9rences linguistiques<\/a><\/li>\n<li><a href=\"https:\/\/support.e-trailer.nl\/fr\/autres\/autre-soutien\/autre-application\/#instellingen\">L&rsquo;\u00e9cran passe constamment en mode veille<\/a><\/li>\n<\/ul>\n<h4>Probl\u00e8mes avec votre syst\u00e8me ?<\/h4>\n<ul>\n<li><a href=\"https:\/\/support.e-trailer.nl\/fr\/autres\/autre-soutien\/autre-numeros-de-version\/\">Derniers num\u00e9ros de version du logiciel et de l&rsquo;application<\/a><\/li>\n<li><a href=\"https:\/\/support.e-trailer.nl\/fr\/autres\/autre-soutien\/autre-application\/#feedback\">Envoyer un commentaire d&rsquo;information \u00e0 partir de l&rsquo;application<\/a><\/li>\n<li><a href=\"https:\/\/support.e-trailer.nl\/fr\/autres\/autre-soutien\/autre-deconnecter\/\">Supprimer un module de l&rsquo;application<\/a><\/li>\n<li><a href=\"https:\/\/support.e-trailer.nl\/fr\/autres\/autre-soutien\/autre-deconnecter\/#verloren\">J&rsquo;ai perdu un module<\/a><\/li>\n<li><a href=\"https:\/\/support.e-trailer.nl\/fr\/forum-aux-questions\/\">Autres questions fr\u00e9quemment pos\u00e9es<\/a><\/li>\n<\/ul>\n<p>Si vous ne trouvez pas de r\u00e9ponse \u00e0 vos questions dans cette rubrique, n&rsquo;h\u00e9sitez pas \u00e0 nous <a href=\"https:\/\/support.e-trailer.nl\/fr\/contact-2\/\">contacter<\/a>.<\/p>\n\t\t\t\t\t\t\t\t<\/div>\n\t\t\t\t<\/div>\n\t\t\t\t\t<\/div>\n\t\t<\/div>\n\t\t\t\t\t<\/div>\n\t\t<\/section>\n\t\t\t\t<\/div>\n\t\t","protected":false},"excerpt":{"rendered":"<p>Overig Autre produit Autres questions Si votre question ne porte pas sp\u00e9cifiquement sur un produit, vous trouverez peut-\u00eatre ici la r\u00e9ponse que vous recherchez. Cliquez sur l&rsquo;une des rubriques du menu ou s\u00e9lectionnez l&rsquo;une des options ci-dessous : Application L&rsquo;application ne fonctionne pas correctement Comment savoir si une mise \u00e0 jour de l&rsquo;application est disponible [&hellip;]<\/p>\n","protected":false},"author":1,"featured_media":0,"parent":15256,"menu_order":0,"comment_status":"closed","ping_status":"closed","template":"","meta":{"site-sidebar-layout":"no-sidebar","site-content-layout":"page-builder","ast-site-content-layout":"","site-content-style":"default","site-sidebar-style":"default","ast-global-header-display":"","ast-banner-title-visibility":"","ast-main-header-display":"","ast-hfb-above-header-display":"","ast-hfb-below-header-display":"","ast-hfb-mobile-header-display":"","site-post-title":"disabled","ast-breadcrumbs-content":"","ast-featured-img":"disabled","footer-sml-layout":"","theme-transparent-header-meta":"default","adv-header-id-meta":"","stick-header-meta":"","header-above-stick-meta":"","header-main-stick-meta":"","header-below-stick-meta":"","astra-migrate-meta-layouts":"default","ast-page-background-enabled":"default","ast-page-background-meta":{"desktop":{"background-color":"","background-image":"","background-repeat":"repeat","background-position":"center center","background-size":"auto","background-attachment":"scroll","background-type":"","background-media":"","overlay-type":"","overlay-color":"","overlay-opacity":"","overlay-gradient":""},"tablet":{"background-color":"","background-image":"","background-repeat":"repeat","background-position":"center center","background-size":"auto","background-attachment":"scroll","background-type":"","background-media":"","overlay-type":"","overlay-color":"","overlay-opacity":"","overlay-gradient":""},"mobile":{"background-color":"","background-image":"","background-repeat":"repeat","background-position":"center center","background-size":"auto","background-attachment":"scroll","background-type":"","background-media":"","overlay-type":"","overlay-color":"","overlay-opacity":"","overlay-gradient":""}},"ast-content-background-meta":{"desktop":{"background-color":"var(--ast-global-color-5)","background-image":"","background-repeat":"repeat","background-position":"center center","background-size":"auto","background-attachment":"scroll","background-type":"","background-media":"","overlay-type":"","overlay-color":"","overlay-opacity":"","overlay-gradient":""},"tablet":{"background-color":"var(--ast-global-color-5)","background-image":"","background-repeat":"repeat","background-position":"center center","background-size":"auto","background-attachment":"scroll","background-type":"","background-media":"","overlay-type":"","overlay-color":"","overlay-opacity":"","overlay-gradient":""},"mobile":{"background-color":"var(--ast-global-color-5)","background-image":"","background-repeat":"repeat","background-position":"center center","background-size":"auto","background-attachment":"scroll","background-type":"","background-media":"","overlay-type":"","overlay-color":"","overlay-opacity":"","overlay-gradient":""}},"footnotes":""},"class_list":["post-15263","page","type-page","status-publish","hentry"],"yoast_head":"<!-- This site is optimized with the Yoast SEO plugin v24.6 - https:\/\/yoast.com\/wordpress\/plugins\/seo\/ -->\n<title>Autre soutien - Support<\/title>\n<meta name=\"robots\" content=\"index, follow, max-snippet:-1, max-image-preview:large, max-video-preview:-1\" \/>\n<link rel=\"canonical\" href=\"https:\/\/support.e-trailer.nl\/fr\/autres\/autre-soutien\/\" \/>\n<meta property=\"og:locale\" content=\"fr_FR\" \/>\n<meta property=\"og:type\" content=\"article\" \/>\n<meta property=\"og:title\" content=\"Autre soutien - Support\" \/>\n<meta property=\"og:description\" content=\"Overig Autre produit Autres questions Si votre question ne porte pas sp\u00e9cifiquement sur un produit, vous trouverez peut-\u00eatre ici la r\u00e9ponse que vous recherchez. Cliquez sur l&rsquo;une des rubriques du menu ou s\u00e9lectionnez l&rsquo;une des options ci-dessous : Application L&rsquo;application ne fonctionne pas correctement Comment savoir si une mise \u00e0 jour de l&rsquo;application est disponible [&hellip;]\" \/>\n<meta property=\"og:url\" content=\"https:\/\/support.e-trailer.nl\/fr\/autres\/autre-soutien\/\" \/>\n<meta property=\"og:site_name\" content=\"Support\" \/>\n<meta property=\"article:modified_time\" content=\"2024-03-14T13:26:45+00:00\" \/>\n<meta property=\"og:image\" content=\"https:\/\/support.e-trailer.nl\/wp-content\/uploads\/elementor\/thumbs\/E-extra-zwart-1-p953uks5m20a1a1va2eesi0uwpkc4j8fx1prrmx428.png\" \/>\n<meta name=\"twitter:card\" content=\"summary_large_image\" \/>\n<meta name=\"twitter:label1\" content=\"Dur\u00e9e de lecture estim\u00e9e\" \/>\n\t<meta name=\"twitter:data1\" content=\"2 minutes\" \/>\n<script type=\"application\/ld+json\" class=\"yoast-schema-graph\">{\"@context\":\"https:\/\/schema.org\",\"@graph\":[{\"@type\":\"WebPage\",\"@id\":\"https:\/\/support.e-trailer.nl\/fr\/autres\/autre-soutien\/\",\"url\":\"https:\/\/support.e-trailer.nl\/fr\/autres\/autre-soutien\/\",\"name\":\"Autre soutien - Support\",\"isPartOf\":{\"@id\":\"https:\/\/support.e-trailer.nl\/fr\/#website\"},\"primaryImageOfPage\":{\"@id\":\"https:\/\/support.e-trailer.nl\/fr\/autres\/autre-soutien\/#primaryimage\"},\"image\":{\"@id\":\"https:\/\/support.e-trailer.nl\/fr\/autres\/autre-soutien\/#primaryimage\"},\"thumbnailUrl\":\"https:\/\/support.e-trailer.nl\/wp-content\/uploads\/elementor\/thumbs\/E-extra-zwart-1-p953uks5m20a1a1va2eesi0uwpkc4j8fx1prrmx428.png\",\"datePublished\":\"2024-01-12T12:51:23+00:00\",\"dateModified\":\"2024-03-14T13:26:45+00:00\",\"breadcrumb\":{\"@id\":\"https:\/\/support.e-trailer.nl\/fr\/autres\/autre-soutien\/#breadcrumb\"},\"inLanguage\":\"fr-FR\",\"potentialAction\":[{\"@type\":\"ReadAction\",\"target\":[\"https:\/\/support.e-trailer.nl\/fr\/autres\/autre-soutien\/\"]}]},{\"@type\":\"ImageObject\",\"inLanguage\":\"fr-FR\",\"@id\":\"https:\/\/support.e-trailer.nl\/fr\/autres\/autre-soutien\/#primaryimage\",\"url\":\"https:\/\/support.e-trailer.nl\/wp-content\/uploads\/elementor\/thumbs\/E-extra-zwart-1-p953uks5m20a1a1va2eesi0uwpkc4j8fx1prrmx428.png\",\"contentUrl\":\"https:\/\/support.e-trailer.nl\/wp-content\/uploads\/elementor\/thumbs\/E-extra-zwart-1-p953uks5m20a1a1va2eesi0uwpkc4j8fx1prrmx428.png\"},{\"@type\":\"BreadcrumbList\",\"@id\":\"https:\/\/support.e-trailer.nl\/fr\/autres\/autre-soutien\/#breadcrumb\",\"itemListElement\":[{\"@type\":\"ListItem\",\"position\":1,\"name\":\"Home\",\"item\":\"https:\/\/support.e-trailer.nl\/fr\/homepage\/\"},{\"@type\":\"ListItem\",\"position\":2,\"name\":\"Autres\",\"item\":\"https:\/\/support.e-trailer.nl\/fr\/autres\/\"},{\"@type\":\"ListItem\",\"position\":3,\"name\":\"Autre soutien\"}]},{\"@type\":\"WebSite\",\"@id\":\"https:\/\/support.e-trailer.nl\/fr\/#website\",\"url\":\"https:\/\/support.e-trailer.nl\/fr\/\",\"name\":\"Support\",\"description\":\"Ondersteuning van de E-Trailer producten\",\"publisher\":{\"@id\":\"https:\/\/support.e-trailer.nl\/fr\/#organization\"},\"potentialAction\":[{\"@type\":\"SearchAction\",\"target\":{\"@type\":\"EntryPoint\",\"urlTemplate\":\"https:\/\/support.e-trailer.nl\/fr\/?s={search_term_string}\"},\"query-input\":{\"@type\":\"PropertyValueSpecification\",\"valueRequired\":true,\"valueName\":\"search_term_string\"}}],\"inLanguage\":\"fr-FR\"},{\"@type\":\"Organization\",\"@id\":\"https:\/\/support.e-trailer.nl\/fr\/#organization\",\"name\":\"Support\",\"url\":\"https:\/\/support.e-trailer.nl\/fr\/\",\"logo\":{\"@type\":\"ImageObject\",\"inLanguage\":\"fr-FR\",\"@id\":\"https:\/\/support.e-trailer.nl\/fr\/#\/schema\/logo\/image\/\",\"url\":\"https:\/\/support.e-trailer.nl\/wp-content\/uploads\/2021\/04\/cropped-Horizontal_logo_grey.png\",\"contentUrl\":\"https:\/\/support.e-trailer.nl\/wp-content\/uploads\/2021\/04\/cropped-Horizontal_logo_grey.png\",\"width\":1022,\"height\":328,\"caption\":\"Support\"},\"image\":{\"@id\":\"https:\/\/support.e-trailer.nl\/fr\/#\/schema\/logo\/image\/\"}}]}<\/script>\n<!-- \/ Yoast SEO plugin. -->","yoast_head_json":{"title":"Autre soutien - Support","robots":{"index":"index","follow":"follow","max-snippet":"max-snippet:-1","max-image-preview":"max-image-preview:large","max-video-preview":"max-video-preview:-1"},"canonical":"https:\/\/support.e-trailer.nl\/fr\/autres\/autre-soutien\/","og_locale":"fr_FR","og_type":"article","og_title":"Autre soutien - Support","og_description":"Overig Autre produit Autres questions Si votre question ne porte pas sp\u00e9cifiquement sur un produit, vous trouverez peut-\u00eatre ici la r\u00e9ponse que vous recherchez. Cliquez sur l&rsquo;une des rubriques du menu ou s\u00e9lectionnez l&rsquo;une des options ci-dessous : Application L&rsquo;application ne fonctionne pas correctement Comment savoir si une mise \u00e0 jour de l&rsquo;application est disponible [&hellip;]","og_url":"https:\/\/support.e-trailer.nl\/fr\/autres\/autre-soutien\/","og_site_name":"Support","article_modified_time":"2024-03-14T13:26:45+00:00","og_image":[{"url":"https:\/\/support.e-trailer.nl\/wp-content\/uploads\/elementor\/thumbs\/E-extra-zwart-1-p953uks5m20a1a1va2eesi0uwpkc4j8fx1prrmx428.png","type":"","width":"","height":""}],"twitter_card":"summary_large_image","twitter_misc":{"Dur\u00e9e de lecture estim\u00e9e":"2 minutes"},"schema":{"@context":"https:\/\/schema.org","@graph":[{"@type":"WebPage","@id":"https:\/\/support.e-trailer.nl\/fr\/autres\/autre-soutien\/","url":"https:\/\/support.e-trailer.nl\/fr\/autres\/autre-soutien\/","name":"Autre soutien - Support","isPartOf":{"@id":"https:\/\/support.e-trailer.nl\/fr\/#website"},"primaryImageOfPage":{"@id":"https:\/\/support.e-trailer.nl\/fr\/autres\/autre-soutien\/#primaryimage"},"image":{"@id":"https:\/\/support.e-trailer.nl\/fr\/autres\/autre-soutien\/#primaryimage"},"thumbnailUrl":"https:\/\/support.e-trailer.nl\/wp-content\/uploads\/elementor\/thumbs\/E-extra-zwart-1-p953uks5m20a1a1va2eesi0uwpkc4j8fx1prrmx428.png","datePublished":"2024-01-12T12:51:23+00:00","dateModified":"2024-03-14T13:26:45+00:00","breadcrumb":{"@id":"https:\/\/support.e-trailer.nl\/fr\/autres\/autre-soutien\/#breadcrumb"},"inLanguage":"fr-FR","potentialAction":[{"@type":"ReadAction","target":["https:\/\/support.e-trailer.nl\/fr\/autres\/autre-soutien\/"]}]},{"@type":"ImageObject","inLanguage":"fr-FR","@id":"https:\/\/support.e-trailer.nl\/fr\/autres\/autre-soutien\/#primaryimage","url":"https:\/\/support.e-trailer.nl\/wp-content\/uploads\/elementor\/thumbs\/E-extra-zwart-1-p953uks5m20a1a1va2eesi0uwpkc4j8fx1prrmx428.png","contentUrl":"https:\/\/support.e-trailer.nl\/wp-content\/uploads\/elementor\/thumbs\/E-extra-zwart-1-p953uks5m20a1a1va2eesi0uwpkc4j8fx1prrmx428.png"},{"@type":"BreadcrumbList","@id":"https:\/\/support.e-trailer.nl\/fr\/autres\/autre-soutien\/#breadcrumb","itemListElement":[{"@type":"ListItem","position":1,"name":"Home","item":"https:\/\/support.e-trailer.nl\/fr\/homepage\/"},{"@type":"ListItem","position":2,"name":"Autres","item":"https:\/\/support.e-trailer.nl\/fr\/autres\/"},{"@type":"ListItem","position":3,"name":"Autre soutien"}]},{"@type":"WebSite","@id":"https:\/\/support.e-trailer.nl\/fr\/#website","url":"https:\/\/support.e-trailer.nl\/fr\/","name":"Support","description":"Ondersteuning van de E-Trailer producten","publisher":{"@id":"https:\/\/support.e-trailer.nl\/fr\/#organization"},"potentialAction":[{"@type":"SearchAction","target":{"@type":"EntryPoint","urlTemplate":"https:\/\/support.e-trailer.nl\/fr\/?s={search_term_string}"},"query-input":{"@type":"PropertyValueSpecification","valueRequired":true,"valueName":"search_term_string"}}],"inLanguage":"fr-FR"},{"@type":"Organization","@id":"https:\/\/support.e-trailer.nl\/fr\/#organization","name":"Support","url":"https:\/\/support.e-trailer.nl\/fr\/","logo":{"@type":"ImageObject","inLanguage":"fr-FR","@id":"https:\/\/support.e-trailer.nl\/fr\/#\/schema\/logo\/image\/","url":"https:\/\/support.e-trailer.nl\/wp-content\/uploads\/2021\/04\/cropped-Horizontal_logo_grey.png","contentUrl":"https:\/\/support.e-trailer.nl\/wp-content\/uploads\/2021\/04\/cropped-Horizontal_logo_grey.png","width":1022,"height":328,"caption":"Support"},"image":{"@id":"https:\/\/support.e-trailer.nl\/fr\/#\/schema\/logo\/image\/"}}]}},"_links":{"self":[{"href":"https:\/\/support.e-trailer.nl\/fr\/wp-json\/wp\/v2\/pages\/15263","targetHints":{"allow":["GET"]}}],"collection":[{"href":"https:\/\/support.e-trailer.nl\/fr\/wp-json\/wp\/v2\/pages"}],"about":[{"href":"https:\/\/support.e-trailer.nl\/fr\/wp-json\/wp\/v2\/types\/page"}],"author":[{"embeddable":true,"href":"https:\/\/support.e-trailer.nl\/fr\/wp-json\/wp\/v2\/users\/1"}],"replies":[{"embeddable":true,"href":"https:\/\/support.e-trailer.nl\/fr\/wp-json\/wp\/v2\/comments?post=15263"}],"version-history":[{"count":10,"href":"https:\/\/support.e-trailer.nl\/fr\/wp-json\/wp\/v2\/pages\/15263\/revisions"}],"predecessor-version":[{"id":16498,"href":"https:\/\/support.e-trailer.nl\/fr\/wp-json\/wp\/v2\/pages\/15263\/revisions\/16498"}],"up":[{"embeddable":true,"href":"https:\/\/support.e-trailer.nl\/fr\/wp-json\/wp\/v2\/pages\/15256"}],"wp:attachment":[{"href":"https:\/\/support.e-trailer.nl\/fr\/wp-json\/wp\/v2\/media?parent=15263"}],"curies":[{"name":"wp","href":"https:\/\/api.w.org\/{rel}","templated":true}]}}